{"id":1342,"date":"2016-02-12T07:55:23","date_gmt":"2016-02-12T12:55:23","guid":{"rendered":"http:\/\/demos.famethemes.com\/onepress\/?page_id=5"},"modified":"2023-05-18T10:03:25","modified_gmt":"2023-05-18T15:03:25","slug":"actualite","status":"publish","type":"page","link":"https:\/\/aceitesdelalba.com\/index.php\/actualite\/","title":{"rendered":"Actualit\u00e9s"},"content":{"rendered":"\n<h1 class=\"wp-block-heading\">Actualit\u00e9s<\/h1>\n\n\n\n<div class=\"wp-block-media-text alignwide is-stacked-on-mobile\" style=\"grid-template-columns:29% auto\"><figure class=\"wp-block-media-text__media\"><img data-recalc-dims=\"1\" loading=\"lazy\" decoding=\"async\" width=\"1024\" height=\"768\" data-attachment-id=\"2515\" data-permalink=\"https:\/\/aceitesdelalba.com\/index.php\/actualite\/thumbnail_20191120_141131\/\" data-orig-file=\"https:\/\/i0.wp.com\/aceitesdelalba.com\/wp-content\/uploads\/2023\/05\/thumbnail_20191120_141131.jpg?fit=1280%2C960&amp;ssl=1\" data-orig-size=\"1280,960\" data-comments-opened=\"0\" data-image-meta=\"{&quot;aperture&quot;:&quot;0&quot;,&quot;credit&quot;:&quot;&quot;,&quot;camera&quot;:&quot;&quot;,&quot;caption&quot;:&quot;&quot;,&quot;created_timestamp&quot;:&quot;0&quot;,&quot;copyright&quot;:&quot;&quot;,&quot;focal_length&quot;:&quot;0&quot;,&quot;iso&quot;:&quot;0&quot;,&quot;shutter_speed&quot;:&quot;0&quot;,&quot;title&quot;:&quot;&quot;,&quot;orientation&quot;:&quot;0&quot;}\" data-image-title=\"thumbnail_20191120_141131\" data-image-description=\"\" data-image-caption=\"\" data-medium-file=\"https:\/\/i0.wp.com\/aceitesdelalba.com\/wp-content\/uploads\/2023\/05\/thumbnail_20191120_141131.jpg?fit=300%2C225&amp;ssl=1\" data-large-file=\"https:\/\/i0.wp.com\/aceitesdelalba.com\/wp-content\/uploads\/2023\/05\/thumbnail_20191120_141131.jpg?fit=1024%2C768&amp;ssl=1\" src=\"https:\/\/i0.wp.com\/aceitesdelalba.com\/wp-content\/uploads\/2023\/05\/thumbnail_20191120_141131.jpg?resize=1024%2C768\" alt=\"\" class=\"wp-image-2515 size-full\" srcset=\"https:\/\/i0.wp.com\/aceitesdelalba.com\/wp-content\/uploads\/2023\/05\/thumbnail_20191120_141131.jpg?resize=1024%2C768&amp;ssl=1 1024w, https:\/\/i0.wp.com\/aceitesdelalba.com\/wp-content\/uploads\/2023\/05\/thumbnail_20191120_141131.jpg?resize=300%2C225&amp;ssl=1 300w, https:\/\/i0.wp.com\/aceitesdelalba.com\/wp-content\/uploads\/2023\/05\/thumbnail_20191120_141131.jpg?resize=768%2C576&amp;ssl=1 768w, https:\/\/i0.wp.com\/aceitesdelalba.com\/wp-content\/uploads\/2023\/05\/thumbnail_20191120_141131.jpg?resize=600%2C450&amp;ssl=1 600w, https:\/\/i0.wp.com\/aceitesdelalba.com\/wp-content\/uploads\/2023\/05\/thumbnail_20191120_141131.jpg?resize=80%2C60&amp;ssl=1 80w, https:\/\/i0.wp.com\/aceitesdelalba.com\/wp-content\/uploads\/2023\/05\/thumbnail_20191120_141131.jpg?resize=120%2C90&amp;ssl=1 120w, https:\/\/i0.wp.com\/aceitesdelalba.com\/wp-content\/uploads\/2023\/05\/thumbnail_20191120_141131.jpg?w=1280&amp;ssl=1 1280w\" sizes=\"auto, (max-width: 1000px) 100vw, 1000px\" \/><\/figure><div class=\"wp-block-media-text__content\">\n<h2 class=\"wp-block-heading\">L&rsquo;Essentiel n\u00b06 <\/h2>\n\n\n\n<p><em>Janvier 20<\/em>20<\/p>\n\n\n\n<div class=\"wp-block-buttons is-layout-flex wp-block-buttons-is-layout-flex\">\n<div class=\"wp-block-button is-style-fill\"><a class=\"wp-block-button__link wp-element-button\" href=\"http:\/\/aceitesdelalba.com\/index.php\/2023\/05\/18\/lessentiel-n6-nouvel-an-2020\/\" target=\"_blank\" rel=\"noreferrer noopener\">Acc\u00e9der \u00e0 l&rsquo;Article<\/a><\/div>\n<\/div>\n<\/div><\/div>\n\n\n\n<hr class=\"wp-block-separator has-alpha-channel-opacity\"\/>\n\n\n\n<div class=\"wp-block-media-text alignwide is-stacked-on-mobile\" style=\"grid-template-columns:29% auto\"><figure class=\"wp-block-media-text__media\"><img data-recalc-dims=\"1\" loading=\"lazy\" decoding=\"async\" width=\"973\" height=\"1024\" data-attachment-id=\"2514\" data-permalink=\"https:\/\/aceitesdelalba.com\/index.php\/actualite\/xavier-et-des-agriculteurs-dans-un-champ-de-romarin-pres-de-medellin-1\/\" data-orig-file=\"https:\/\/i0.wp.com\/aceitesdelalba.com\/wp-content\/uploads\/2023\/05\/Xavier-et-des-agriculteurs-dans-un-champ-de-Romarin-pres-de-Medellin-1.jpg?fit=1216%2C1280&amp;ssl=1\" data-orig-size=\"1216,1280\" data-comments-opened=\"0\" data-image-meta=\"{&quot;aperture&quot;:&quot;0&quot;,&quot;credit&quot;:&quot;&quot;,&quot;camera&quot;:&quot;&quot;,&quot;caption&quot;:&quot;&quot;,&quot;created_timestamp&quot;:&quot;0&quot;,&quot;copyright&quot;:&quot;&quot;,&quot;focal_length&quot;:&quot;0&quot;,&quot;iso&quot;:&quot;0&quot;,&quot;shutter_speed&quot;:&quot;0&quot;,&quot;title&quot;:&quot;&quot;,&quot;orientation&quot;:&quot;0&quot;}\" data-image-title=\"Xavier-et-des-agriculteurs-dans-un-champ-de-Romarin-pres-de-Medellin-1\" data-image-description=\"\" data-image-caption=\"\" data-medium-file=\"https:\/\/i0.wp.com\/aceitesdelalba.com\/wp-content\/uploads\/2023\/05\/Xavier-et-des-agriculteurs-dans-un-champ-de-Romarin-pres-de-Medellin-1.jpg?fit=285%2C300&amp;ssl=1\" data-large-file=\"https:\/\/i0.wp.com\/aceitesdelalba.com\/wp-content\/uploads\/2023\/05\/Xavier-et-des-agriculteurs-dans-un-champ-de-Romarin-pres-de-Medellin-1.jpg?fit=973%2C1024&amp;ssl=1\" src=\"https:\/\/i0.wp.com\/aceitesdelalba.com\/wp-content\/uploads\/2023\/05\/Xavier-et-des-agriculteurs-dans-un-champ-de-Romarin-pres-de-Medellin-1.jpg?resize=973%2C1024\" alt=\"\" class=\"wp-image-2514 size-full\" srcset=\"https:\/\/i0.wp.com\/aceitesdelalba.com\/wp-content\/uploads\/2023\/05\/Xavier-et-des-agriculteurs-dans-un-champ-de-Romarin-pres-de-Medellin-1.jpg?resize=973%2C1024&amp;ssl=1 973w, https:\/\/i0.wp.com\/aceitesdelalba.com\/wp-content\/uploads\/2023\/05\/Xavier-et-des-agriculteurs-dans-un-champ-de-Romarin-pres-de-Medellin-1.jpg?resize=285%2C300&amp;ssl=1 285w, https:\/\/i0.wp.com\/aceitesdelalba.com\/wp-content\/uploads\/2023\/05\/Xavier-et-des-agriculteurs-dans-un-champ-de-Romarin-pres-de-Medellin-1.jpg?resize=768%2C808&amp;ssl=1 768w, https:\/\/i0.wp.com\/aceitesdelalba.com\/wp-content\/uploads\/2023\/05\/Xavier-et-des-agriculteurs-dans-un-champ-de-Romarin-pres-de-Medellin-1.jpg?resize=600%2C632&amp;ssl=1 600w, https:\/\/i0.wp.com\/aceitesdelalba.com\/wp-content\/uploads\/2023\/05\/Xavier-et-des-agriculteurs-dans-un-champ-de-Romarin-pres-de-Medellin-1.jpg?resize=57%2C60&amp;ssl=1 57w, https:\/\/i0.wp.com\/aceitesdelalba.com\/wp-content\/uploads\/2023\/05\/Xavier-et-des-agriculteurs-dans-un-champ-de-Romarin-pres-de-Medellin-1.jpg?resize=86%2C90&amp;ssl=1 86w, https:\/\/i0.wp.com\/aceitesdelalba.com\/wp-content\/uploads\/2023\/05\/Xavier-et-des-agriculteurs-dans-un-champ-de-Romarin-pres-de-Medellin-1.jpg?w=1216&amp;ssl=1 1216w\" sizes=\"auto, (max-width: 973px) 100vw, 973px\" \/><\/figure><div class=\"wp-block-media-text__content\">\n<h2 class=\"wp-block-heading\">L&rsquo;Essentiel n\u00b05<\/h2>\n\n\n\n<p><em>Mai 20<\/em>19<\/p>\n\n\n\n<div class=\"wp-block-buttons is-layout-flex wp-block-buttons-is-layout-flex\">\n<div class=\"wp-block-button is-style-fill\"><a class=\"wp-block-button__link wp-element-button\" href=\"http:\/\/aceitesdelalba.com\/index.php\/2019\/05\/10\/lessentiel-n5\/\" target=\"_blank\" rel=\"noreferrer noopener\">Acc\u00e9der \u00e0 l&rsquo;Article<\/a><\/div>\n<\/div>\n<\/div><\/div>\n\n\n\n<hr class=\"wp-block-separator has-alpha-channel-opacity\"\/>\n\n\n\n<div class=\"wp-block-media-text alignwide is-stacked-on-mobile\" style=\"grid-template-columns:29% auto\"><figure class=\"wp-block-media-text__media\"><img data-recalc-dims=\"1\" loading=\"lazy\" decoding=\"async\" width=\"800\" height=\"671\" data-attachment-id=\"2513\" data-permalink=\"https:\/\/aceitesdelalba.com\/index.php\/actualite\/fleurcarda-2\/\" data-orig-file=\"https:\/\/i0.wp.com\/aceitesdelalba.com\/wp-content\/uploads\/2023\/05\/FleurCarda.jpg?fit=800%2C671&amp;ssl=1\" data-orig-size=\"800,671\" data-comments-opened=\"0\" data-image-meta=\"{&quot;aperture&quot;:&quot;5.6&quot;,&quot;credit&quot;:&quot;&quot;,&quot;camera&quot;:&quot;Canon EOS 700D&quot;,&quot;caption&quot;:&quot;&quot;,&quot;created_timestamp&quot;:&quot;1538694221&quot;,&quot;copyright&quot;:&quot;&quot;,&quot;focal_length&quot;:&quot;55&quot;,&quot;iso&quot;:&quot;2500&quot;,&quot;shutter_speed&quot;:&quot;0.0125&quot;,&quot;title&quot;:&quot;&quot;,&quot;orientation&quot;:&quot;1&quot;}\" data-image-title=\"FleurCarda\" data-image-description=\"\" data-image-caption=\"\" data-medium-file=\"https:\/\/i0.wp.com\/aceitesdelalba.com\/wp-content\/uploads\/2023\/05\/FleurCarda.jpg?fit=300%2C252&amp;ssl=1\" data-large-file=\"https:\/\/i0.wp.com\/aceitesdelalba.com\/wp-content\/uploads\/2023\/05\/FleurCarda.jpg?fit=800%2C671&amp;ssl=1\" src=\"https:\/\/i0.wp.com\/aceitesdelalba.com\/wp-content\/uploads\/2023\/05\/FleurCarda.jpg?resize=800%2C671\" alt=\"\" class=\"wp-image-2513 size-full\" srcset=\"https:\/\/i0.wp.com\/aceitesdelalba.com\/wp-content\/uploads\/2023\/05\/FleurCarda.jpg?w=800&amp;ssl=1 800w, https:\/\/i0.wp.com\/aceitesdelalba.com\/wp-content\/uploads\/2023\/05\/FleurCarda.jpg?resize=300%2C252&amp;ssl=1 300w, https:\/\/i0.wp.com\/aceitesdelalba.com\/wp-content\/uploads\/2023\/05\/FleurCarda.jpg?resize=768%2C644&amp;ssl=1 768w, https:\/\/i0.wp.com\/aceitesdelalba.com\/wp-content\/uploads\/2023\/05\/FleurCarda.jpg?resize=600%2C503&amp;ssl=1 600w, https:\/\/i0.wp.com\/aceitesdelalba.com\/wp-content\/uploads\/2023\/05\/FleurCarda.jpg?resize=72%2C60&amp;ssl=1 72w, https:\/\/i0.wp.com\/aceitesdelalba.com\/wp-content\/uploads\/2023\/05\/FleurCarda.jpg?resize=107%2C90&amp;ssl=1 107w\" sizes=\"auto, (max-width: 800px) 100vw, 800px\" \/><\/figure><div class=\"wp-block-media-text__content\">\n<h2 class=\"wp-block-heading\">L&rsquo;Essentiel n\u00b04<\/h2>\n\n\n\n<p><em>Janvier 201<\/em>9<\/p>\n\n\n\n<div class=\"wp-block-buttons is-layout-flex wp-block-buttons-is-layout-flex\">\n<div class=\"wp-block-button is-style-fill\"><a class=\"wp-block-button__link wp-element-button\" href=\"http:\/\/aceitesdelalba.com\/index.php\/2019\/01\/10\/essentiel-n4\/\" target=\"_blank\" rel=\"noreferrer noopener\">Acc\u00e9der \u00e0 l&rsquo;Article<\/a><\/div>\n<\/div>\n<\/div><\/div>\n\n\n\n<hr class=\"wp-block-separator has-alpha-channel-opacity\"\/>\n\n\n\n<div class=\"wp-block-media-text alignwide is-stacked-on-mobile\" style=\"grid-template-columns:29% auto\"><figure class=\"wp-block-media-text__media\"><img data-recalc-dims=\"1\" loading=\"lazy\" decoding=\"async\" width=\"1024\" height=\"618\" data-attachment-id=\"2512\" data-permalink=\"https:\/\/aceitesdelalba.com\/index.php\/actualite\/agxavifeat5\/\" data-orig-file=\"https:\/\/i0.wp.com\/aceitesdelalba.com\/wp-content\/uploads\/2023\/05\/AgXavIFEAT5.jpg?fit=2000%2C1208&amp;ssl=1\" data-orig-size=\"2000,1208\" data-comments-opened=\"0\" data-image-meta=\"{&quot;aperture&quot;:&quot;13&quot;,&quot;credit&quot;:&quot;&quot;,&quot;camera&quot;:&quot;Canon EOS 700D&quot;,&quot;caption&quot;:&quot;&quot;,&quot;created_timestamp&quot;:&quot;1536689566&quot;,&quot;copyright&quot;:&quot;&quot;,&quot;focal_length&quot;:&quot;18&quot;,&quot;iso&quot;:&quot;1600&quot;,&quot;shutter_speed&quot;:&quot;0.008&quot;,&quot;title&quot;:&quot;&quot;,&quot;orientation&quot;:&quot;1&quot;}\" data-image-title=\"AgXavIFEAT5\" data-image-description=\"\" data-image-caption=\"\" data-medium-file=\"https:\/\/i0.wp.com\/aceitesdelalba.com\/wp-content\/uploads\/2023\/05\/AgXavIFEAT5.jpg?fit=300%2C181&amp;ssl=1\" data-large-file=\"https:\/\/i0.wp.com\/aceitesdelalba.com\/wp-content\/uploads\/2023\/05\/AgXavIFEAT5.jpg?fit=1024%2C618&amp;ssl=1\" src=\"https:\/\/i0.wp.com\/aceitesdelalba.com\/wp-content\/uploads\/2023\/05\/AgXavIFEAT5.jpg?resize=1024%2C618\" alt=\"\" class=\"wp-image-2512 size-full\" srcset=\"https:\/\/i0.wp.com\/aceitesdelalba.com\/wp-content\/uploads\/2023\/05\/AgXavIFEAT5.jpg?resize=1024%2C618&amp;ssl=1 1024w, https:\/\/i0.wp.com\/aceitesdelalba.com\/wp-content\/uploads\/2023\/05\/AgXavIFEAT5.jpg?resize=300%2C181&amp;ssl=1 300w, https:\/\/i0.wp.com\/aceitesdelalba.com\/wp-content\/uploads\/2023\/05\/AgXavIFEAT5.jpg?resize=768%2C464&amp;ssl=1 768w, https:\/\/i0.wp.com\/aceitesdelalba.com\/wp-content\/uploads\/2023\/05\/AgXavIFEAT5.jpg?resize=1536%2C928&amp;ssl=1 1536w, https:\/\/i0.wp.com\/aceitesdelalba.com\/wp-content\/uploads\/2023\/05\/AgXavIFEAT5.jpg?resize=600%2C362&amp;ssl=1 600w, https:\/\/i0.wp.com\/aceitesdelalba.com\/wp-content\/uploads\/2023\/05\/AgXavIFEAT5.jpg?resize=99%2C60&amp;ssl=1 99w, https:\/\/i0.wp.com\/aceitesdelalba.com\/wp-content\/uploads\/2023\/05\/AgXavIFEAT5.jpg?resize=149%2C90&amp;ssl=1 149w, https:\/\/i0.wp.com\/aceitesdelalba.com\/wp-content\/uploads\/2023\/05\/AgXavIFEAT5.jpg?w=2000&amp;ssl=1 2000w\" sizes=\"auto, (max-width: 1000px) 100vw, 1000px\" \/><\/figure><div class=\"wp-block-media-text__content\">\n<h2 class=\"wp-block-heading\">L&rsquo;Essentiel n\u00b03<\/h2>\n\n\n\n<p><em>Ao\u00fbt 2018<\/em><\/p>\n\n\n\n<div class=\"wp-block-buttons is-layout-flex wp-block-buttons-is-layout-flex\">\n<div class=\"wp-block-button is-style-fill\"><a class=\"wp-block-button__link wp-element-button\" href=\"http:\/\/aceitesdelalba.com\/index.php\/2019\/01\/10\/essentiel-n3\/\" target=\"_blank\" rel=\"noreferrer noopener\">Acc\u00e9der \u00e0 l&rsquo;Article<\/a><\/div>\n<\/div>\n<\/div><\/div>\n\n\n\n<hr class=\"wp-block-separator has-alpha-channel-opacity\"\/>\n\n\n\n<div class=\"wp-block-media-text alignwide is-stacked-on-mobile\" style=\"grid-template-columns:29% auto\"><figure class=\"wp-block-media-text__media\"><img data-recalc-dims=\"1\" loading=\"lazy\" decoding=\"async\" width=\"1024\" height=\"683\" data-attachment-id=\"2511\" data-permalink=\"https:\/\/aceitesdelalba.com\/index.php\/actualite\/img_1916-3\/\" data-orig-file=\"https:\/\/i0.wp.com\/aceitesdelalba.com\/wp-content\/uploads\/2023\/05\/IMG_1916-scaled.jpg?fit=2560%2C1707&amp;ssl=1\" data-orig-size=\"2560,1707\" data-comments-opened=\"0\" data-image-meta=\"{&quot;aperture&quot;:&quot;16&quot;,&quot;credit&quot;:&quot;&quot;,&quot;camera&quot;:&quot;Canon EOS 700D&quot;,&quot;caption&quot;:&quot;&quot;,&quot;created_timestamp&quot;:&quot;1530482531&quot;,&quot;copyright&quot;:&quot;&quot;,&quot;focal_length&quot;:&quot;18&quot;,&quot;iso&quot;:&quot;400&quot;,&quot;shutter_speed&quot;:&quot;0.008&quot;,&quot;title&quot;:&quot;&quot;,&quot;orientation&quot;:&quot;1&quot;}\" data-image-title=\"IMG_1916\" data-image-description=\"\" data-image-caption=\"\" data-medium-file=\"https:\/\/i0.wp.com\/aceitesdelalba.com\/wp-content\/uploads\/2023\/05\/IMG_1916-scaled.jpg?fit=300%2C200&amp;ssl=1\" data-large-file=\"https:\/\/i0.wp.com\/aceitesdelalba.com\/wp-content\/uploads\/2023\/05\/IMG_1916-scaled.jpg?fit=1024%2C683&amp;ssl=1\" src=\"https:\/\/i0.wp.com\/aceitesdelalba.com\/wp-content\/uploads\/2023\/05\/IMG_1916.jpg?resize=1024%2C683\" alt=\"\" class=\"wp-image-2511 size-full\" srcset=\"https:\/\/i0.wp.com\/aceitesdelalba.com\/wp-content\/uploads\/2023\/05\/IMG_1916-scaled.jpg?resize=1024%2C683&amp;ssl=1 1024w, https:\/\/i0.wp.com\/aceitesdelalba.com\/wp-content\/uploads\/2023\/05\/IMG_1916-scaled.jpg?resize=300%2C200&amp;ssl=1 300w, https:\/\/i0.wp.com\/aceitesdelalba.com\/wp-content\/uploads\/2023\/05\/IMG_1916-scaled.jpg?resize=768%2C512&amp;ssl=1 768w, https:\/\/i0.wp.com\/aceitesdelalba.com\/wp-content\/uploads\/2023\/05\/IMG_1916-scaled.jpg?resize=1536%2C1024&amp;ssl=1 1536w, https:\/\/i0.wp.com\/aceitesdelalba.com\/wp-content\/uploads\/2023\/05\/IMG_1916-scaled.jpg?resize=2048%2C1365&amp;ssl=1 2048w, https:\/\/i0.wp.com\/aceitesdelalba.com\/wp-content\/uploads\/2023\/05\/IMG_1916-scaled.jpg?resize=600%2C400&amp;ssl=1 600w, https:\/\/i0.wp.com\/aceitesdelalba.com\/wp-content\/uploads\/2023\/05\/IMG_1916-scaled.jpg?resize=272%2C182&amp;ssl=1 272w, https:\/\/i0.wp.com\/aceitesdelalba.com\/wp-content\/uploads\/2023\/05\/IMG_1916-scaled.jpg?resize=90%2C60&amp;ssl=1 90w, https:\/\/i0.wp.com\/aceitesdelalba.com\/wp-content\/uploads\/2023\/05\/IMG_1916-scaled.jpg?resize=135%2C90&amp;ssl=1 135w\" sizes=\"auto, (max-width: 1000px) 100vw, 1000px\" \/><\/figure><div class=\"wp-block-media-text__content\">\n<h2 class=\"wp-block-heading\">L&rsquo;Essentiel n\u00b02<\/h2>\n\n\n\n<p><em>Juillet 2018<\/em><\/p>\n\n\n\n<div class=\"wp-block-buttons is-layout-flex wp-block-buttons-is-layout-flex\">\n<div class=\"wp-block-button is-style-fill\"><a class=\"wp-block-button__link wp-element-button\" href=\"http:\/\/aceitesdelalba.com\/index.php\/2018\/07\/23\/lessentiel-n2\/\" target=\"_blank\" rel=\"noreferrer noopener\">Acc\u00e9der \u00e0 l&rsquo;Article<\/a><\/div>\n<\/div>\n<\/div><\/div>\n\n\n\n<hr class=\"wp-block-separator has-alpha-channel-opacity\"\/>\n\n\n\n<div class=\"wp-block-media-text alignwide is-stacked-on-mobile\" style=\"grid-template-columns:29% auto\"><figure class=\"wp-block-media-text__media\"><img data-recalc-dims=\"1\" loading=\"lazy\" decoding=\"async\" width=\"1024\" height=\"748\" data-attachment-id=\"2510\" data-permalink=\"https:\/\/aceitesdelalba.com\/index.php\/actualite\/dav-2\/\" data-orig-file=\"https:\/\/i0.wp.com\/aceitesdelalba.com\/wp-content\/uploads\/2023\/05\/IMG_20180531_120441-1-scaled-e1683753449992.jpg?fit=2092%2C1529&amp;ssl=1\" data-orig-size=\"2092,1529\" data-comments-opened=\"0\" data-image-meta=\"{&quot;aperture&quot;:&quot;2&quot;,&quot;credit&quot;:&quot;&quot;,&quot;camera&quot;:&quot;HUAWEI GRA-UL00&quot;,&quot;caption&quot;:&quot;dav&quot;,&quot;created_timestamp&quot;:&quot;1527768282&quot;,&quot;copyright&quot;:&quot;&quot;,&quot;focal_length&quot;:&quot;2.38&quot;,&quot;iso&quot;:&quot;64&quot;,&quot;shutter_speed&quot;:&quot;0.004464&quot;,&quot;title&quot;:&quot;dav&quot;,&quot;orientation&quot;:&quot;1&quot;}\" data-image-title=\"dav\" data-image-description=\"\" data-image-caption=\"&lt;p&gt;dav&lt;\/p&gt;\n\" data-medium-file=\"https:\/\/i0.wp.com\/aceitesdelalba.com\/wp-content\/uploads\/2023\/05\/IMG_20180531_120441-1-scaled-e1683753449992.jpg?fit=300%2C219&amp;ssl=1\" data-large-file=\"https:\/\/i0.wp.com\/aceitesdelalba.com\/wp-content\/uploads\/2023\/05\/IMG_20180531_120441-1-scaled-e1683753449992.jpg?fit=1024%2C748&amp;ssl=1\" src=\"https:\/\/i0.wp.com\/aceitesdelalba.com\/wp-content\/uploads\/2023\/05\/IMG_20180531_120441-1-scaled-e1683753449992-1024x748.jpg?resize=1024%2C748\" alt=\"\" class=\"wp-image-2510 size-full\" srcset=\"https:\/\/i0.wp.com\/aceitesdelalba.com\/wp-content\/uploads\/2023\/05\/IMG_20180531_120441-1-scaled-e1683753449992.jpg?resize=1024%2C748&amp;ssl=1 1024w, https:\/\/i0.wp.com\/aceitesdelalba.com\/wp-content\/uploads\/2023\/05\/IMG_20180531_120441-1-scaled-e1683753449992.jpg?resize=300%2C219&amp;ssl=1 300w, https:\/\/i0.wp.com\/aceitesdelalba.com\/wp-content\/uploads\/2023\/05\/IMG_20180531_120441-1-scaled-e1683753449992.jpg?resize=768%2C561&amp;ssl=1 768w, https:\/\/i0.wp.com\/aceitesdelalba.com\/wp-content\/uploads\/2023\/05\/IMG_20180531_120441-1-scaled-e1683753449992.jpg?resize=1536%2C1123&amp;ssl=1 1536w, https:\/\/i0.wp.com\/aceitesdelalba.com\/wp-content\/uploads\/2023\/05\/IMG_20180531_120441-1-scaled-e1683753449992.jpg?resize=2048%2C1497&amp;ssl=1 2048w, https:\/\/i0.wp.com\/aceitesdelalba.com\/wp-content\/uploads\/2023\/05\/IMG_20180531_120441-1-scaled-e1683753449992.jpg?resize=600%2C439&amp;ssl=1 600w\" sizes=\"auto, (max-width: 1000px) 100vw, 1000px\" \/><\/figure><div class=\"wp-block-media-text__content\">\n<h2 class=\"wp-block-heading\">L&rsquo;Essentiel n\u00b01<\/h2>\n\n\n\n<p><em>Juin 2018<\/em><\/p>\n\n\n\n<div class=\"wp-block-buttons is-layout-flex wp-block-buttons-is-layout-flex\">\n<div class=\"wp-block-button is-style-fill\"><a class=\"wp-block-button__link wp-element-button\" href=\"http:\/\/aceitesdelalba.com\/index.php\/2018\/06\/17\/lessentiel-n1\/\" target=\"_blank\" rel=\"noreferrer noopener\">Acc\u00e9der \u00e0 l&rsquo;Article<\/a><\/div>\n<\/div>\n<\/div><\/div>\n","protected":false},"excerpt":{"rendered":"<p>Actualit\u00e9s<\/p>\n","protected":false},"author":1,"featured_media":2509,"parent":0,"menu_order":0,"comment_status":"closed","ping_status":"closed","template":"","meta":{"site-container-style":"default","site-container-layout":"default","site-sidebar-layout":"default","site-transparent-header":"default","disable-article-header":"default","disable-site-header":"default","disable-site-footer":"default","disable-content-area-spacing":"default","jetpack_post_was_ever_published":false,"footnotes":""},"class_list":["post-1342","page","type-page","status-publish","has-post-thumbnail","hentry"],"jetpack_sharing_enabled":true,"jetpack_shortlink":"https:\/\/wp.me\/Pacflg-lE","jetpack-related-posts":[{"id":1608,"url":"https:\/\/aceitesdelalba.com\/index.php\/vous-etes-une-entreprise\/","url_meta":{"origin":1342,"position":0},"title":"Vous \u00eates une entreprise","author":"Agathe Dum\u00e9nil","date":"27 ao\u00fbt 2018","format":false,"excerpt":"\u00a0Vous cherchez \u00e0 d\u00e9velopper votre march\u00e9 avec des nouvelles huiles essentielles authentiques de Colombie ? Vous cherchez un relais fiable \u00e0 l\u2019\u00e9tranger pour vous fournir des huiles essentielles qui correspondent exactement \u00e0 vos besoins en qualit\u00e9 et en quantit\u00e9 ? \u00a0 1 Faites nous savoir quelles huiles essentielles vous int\u00e9ressent\u2026","rel":"","context":"Article similaire","block_context":{"text":"Article similaire","link":""},"img":{"alt_text":"","src":"","width":0,"height":0},"classes":[]},{"id":1589,"url":"https:\/\/aceitesdelalba.com\/index.php\/lorigine-du-projet\/","url_meta":{"origin":1342,"position":1},"title":"Origine du projet","author":"admin8626","date":"27 ao\u00fbt 2018","format":false,"excerpt":"Les huiles essentielles : notre passion Imaginez-vous apr\u00e8s une longue marche \u00e0 travers les montagnes de vous retrouver devant un champ tout en couleurs qui regorge de plantes aromatiques qui sentent bon les mille parfums ? Auriez-vous envie de capturer et emporter avec vous l\u2019extrait m\u00eame de ces plantes pour\u2026","rel":"","context":"Article similaire","block_context":{"text":"Article similaire","link":""},"img":{"alt_text":"","src":"https:\/\/i0.wp.com\/aceitesdelalba.com\/wp-content\/uploads\/2018\/09\/bright-bulb-close-up-1108572-e1536269667466.jpg?fit=645%2C390&ssl=1&resize=350%2C200","width":350,"height":200,"srcset":"https:\/\/i0.wp.com\/aceitesdelalba.com\/wp-content\/uploads\/2018\/09\/bright-bulb-close-up-1108572-e1536269667466.jpg?fit=645%2C390&ssl=1&resize=350%2C200 1x, https:\/\/i0.wp.com\/aceitesdelalba.com\/wp-content\/uploads\/2018\/09\/bright-bulb-close-up-1108572-e1536269667466.jpg?fit=645%2C390&ssl=1&resize=525%2C300 1.5x"},"classes":[]},{"id":2375,"url":"https:\/\/aceitesdelalba.com\/","url_meta":{"origin":1342,"position":2},"title":"Pr\u00e9sentation","author":"Agathe Dum\u00e9nil","date":"26 avril 2023","format":false,"excerpt":"Cr\u00e9ateurs d'essences, d'unions et de d\u00e9veloppement\u2026 Nous valorisons les terroirs de Colombie et le travail des agriculteurs gr\u00e2ce aux huiles essentielles Nous proposons des huiles essentielles originales, 100% pures et naturelles et issues de l\u2019agriculture traditionnelle Nous cr\u00e9ons un lien unique entre les producteurs et les entreprises de mati\u00e8res premi\u00e8res\u2026","rel":"","context":"Article similaire","block_context":{"text":"Article similaire","link":""},"img":{"alt_text":"","src":"https:\/\/i0.wp.com\/aceitesdelalba.com\/wp-content\/uploads\/2023\/04\/PXL_20221105_161708063-3-scaled.jpg?resize=350%2C200","width":350,"height":200,"srcset":"https:\/\/i0.wp.com\/aceitesdelalba.com\/wp-content\/uploads\/2023\/04\/PXL_20221105_161708063-3-scaled.jpg?resize=350%2C200 1x, https:\/\/i0.wp.com\/aceitesdelalba.com\/wp-content\/uploads\/2023\/04\/PXL_20221105_161708063-3-scaled.jpg?resize=525%2C300 1.5x, https:\/\/i0.wp.com\/aceitesdelalba.com\/wp-content\/uploads\/2023\/04\/PXL_20221105_161708063-3-scaled.jpg?resize=700%2C400 2x, https:\/\/i0.wp.com\/aceitesdelalba.com\/wp-content\/uploads\/2023\/04\/PXL_20221105_161708063-3-scaled.jpg?resize=1050%2C600 3x, https:\/\/i0.wp.com\/aceitesdelalba.com\/wp-content\/uploads\/2023\/04\/PXL_20221105_161708063-3-scaled.jpg?resize=1400%2C800 4x"},"classes":[]},{"id":2468,"url":"https:\/\/aceitesdelalba.com\/index.php\/nos-activites\/","url_meta":{"origin":1342,"position":3},"title":"Nos activit\u00e9s","author":"Agathe Dum\u00e9nil","date":"9 mai 2023","format":false,"excerpt":"Nos Activit\u00e9s Des plantes aromatiques s\u00e9lectionn\u00e9es La qualit\u00e9 de notre huile essentielle commence par une s\u00e9lection fine de nos plantes aromatiques. Esp\u00e8ces end\u00e9miques ou import\u00e9es, chacune a \u00e9t\u00e9 sourc\u00e9e de mani\u00e8re \u00e0 correspondre aux crit\u00e8res du march\u00e9 international ou alors ayant des propri\u00e9t\u00e9s ou fragrances uniques que nous cherchons \u00e0\u2026","rel":"","context":"Article similaire","block_context":{"text":"Article similaire","link":""},"img":{"alt_text":"","src":"https:\/\/i0.wp.com\/aceitesdelalba.com\/wp-content\/uploads\/2023\/05\/WhatsApp-Image-2023-05-08-a-17.49.39-1.jpg?resize=350%2C200&ssl=1","width":350,"height":200,"srcset":"https:\/\/i0.wp.com\/aceitesdelalba.com\/wp-content\/uploads\/2023\/05\/WhatsApp-Image-2023-05-08-a-17.49.39-1.jpg?resize=350%2C200&ssl=1 1x, https:\/\/i0.wp.com\/aceitesdelalba.com\/wp-content\/uploads\/2023\/05\/WhatsApp-Image-2023-05-08-a-17.49.39-1.jpg?resize=525%2C300&ssl=1 1.5x, https:\/\/i0.wp.com\/aceitesdelalba.com\/wp-content\/uploads\/2023\/05\/WhatsApp-Image-2023-05-08-a-17.49.39-1.jpg?resize=700%2C400&ssl=1 2x, https:\/\/i0.wp.com\/aceitesdelalba.com\/wp-content\/uploads\/2023\/05\/WhatsApp-Image-2023-05-08-a-17.49.39-1.jpg?resize=1050%2C600&ssl=1 3x, https:\/\/i0.wp.com\/aceitesdelalba.com\/wp-content\/uploads\/2023\/05\/WhatsApp-Image-2023-05-08-a-17.49.39-1.jpg?resize=1400%2C800&ssl=1 4x"},"classes":[]}],"_links":{"self":[{"href":"https:\/\/aceitesdelalba.com\/index.php\/wp-json\/wp\/v2\/pages\/1342","targetHints":{"allow":["GET"]}}],"collection":[{"href":"https:\/\/aceitesdelalba.com\/index.php\/wp-json\/wp\/v2\/pages"}],"about":[{"href":"https:\/\/aceitesdelalba.com\/index.php\/wp-json\/wp\/v2\/types\/page"}],"author":[{"embeddable":true,"href":"https:\/\/aceitesdelalba.com\/index.php\/wp-json\/wp\/v2\/users\/1"}],"replies":[{"embeddable":true,"href":"https:\/\/aceitesdelalba.com\/index.php\/wp-json\/wp\/v2\/comments?post=1342"}],"version-history":[{"count":7,"href":"https:\/\/aceitesdelalba.com\/index.php\/wp-json\/wp\/v2\/pages\/1342\/revisions"}],"predecessor-version":[{"id":2529,"href":"https:\/\/aceitesdelalba.com\/index.php\/wp-json\/wp\/v2\/pages\/1342\/revisions\/2529"}],"wp:featuredmedia":[{"embeddable":true,"href":"https:\/\/aceitesdelalba.com\/index.php\/wp-json\/wp\/v2\/media\/2509"}],"wp:attachment":[{"href":"https:\/\/aceitesdelalba.com\/index.php\/wp-json\/wp\/v2\/media?parent=1342"}],"curies":[{"name":"wp","href":"https:\/\/api.w.org\/{rel}","templated":true}]}}