{"id":2375,"date":"2023-04-26T14:59:33","date_gmt":"2023-04-26T19:59:33","guid":{"rendered":"http:\/\/aceitesdelalba.com\/?page_id=2375"},"modified":"2023-05-19T16:21:07","modified_gmt":"2023-05-19T21:21:07","slug":"qui-sommes-nous","status":"publish","type":"page","link":"https:\/\/aceitesdelalba.com\/","title":{"rendered":"Pr\u00e9sentation"},"content":{"rendered":"\n<h2 class=\"wp-block-heading has-text-align-center\">Cr\u00e9ateurs d&rsquo;essences, d&rsquo;unions et de d\u00e9veloppement\u2026<\/h2>\n\n\n\n<p class=\"has-text-align-center\">Nous valorisons les terroirs de Colombie et le travail des agriculteurs gr\u00e2ce aux huiles essentielles<\/p>\n\n\n\n<p class=\"has-text-align-center\">Nous proposons des huiles essentielles originales, 100% pures et naturelles et issues de l\u2019agriculture traditionnelle<\/p>\n\n\n\n<p class=\"has-text-align-center\">Nous cr\u00e9ons un lien unique entre les producteurs et les entreprises de mati\u00e8res premi\u00e8res aromatiques et parfumeurs<\/p>\n\n\n<div id=\"pl-gb2375-6a097a2588569\"  class=\"panel-layout\" ><div id=\"pg-gb2375-6a097a2588569-0\"  class=\"panel-grid panel-no-style\" ><div id=\"pgc-gb2375-6a097a2588569-0-0\"  class=\"panel-grid-cell\" ><div id=\"panel-gb2375-6a097a2588569-0-0-0\" class=\"so-panel widget widget_sow-slider panel-first-child panel-last-child\" data-index=\"0\" ><div class=\"panel-widget-style panel-widget-style-for-gb2375-6a097a2588569-0-0-0\" ><div\n\t\t\t\n\t\t\tclass=\"so-widget-sow-slider so-widget-sow-slider-default-f9adb63281e9-2375\"\n\t\t\t\n\t\t>\t\t\t\t<div class=\"sow-slider-base\" style=\"display: none\" tabindex=\"0\">\n\t\t\t\t\t<ul\n\t\t\t\t\tclass=\"sow-slider-images\"\n\t\t\t\t\tdata-settings=\"{&quot;pagination&quot;:true,&quot;speed&quot;:800,&quot;timeout&quot;:4000,&quot;paused&quot;:false,&quot;pause_on_hover&quot;:false,&quot;swipe&quot;:true,&quot;nav_always_show_desktop&quot;:&quot;&quot;,&quot;nav_always_show_mobile&quot;:&quot;&quot;,&quot;breakpoint&quot;:&quot;780px&quot;,&quot;unmute&quot;:false,&quot;anchor&quot;:null}\"\n\t\t\t\t\t\t\t\t\t\tdata-anchor-id=\"\"\n\t\t\t\t>\t\t<li class=\"sow-slider-image\" style=\"visibility: visible;;background-color: #ffffff\" >\n\t\t\t\t\t\t<div class=\"sow-slider-image-container\">\n\t\t\t\t<div class=\"sow-slider-image-wrapper\" style=\"max-width: 2560px\">\n\t\t\t\t\t\t\t\t\t\t<div class=\"sow-slider-image-foreground-wrapper\">\n\t\t\t\t\t\t<img loading=\"lazy\" decoding=\"async\" width=\"2560\" height=\"1299\" src=\"https:\/\/i0.wp.com\/aceitesdelalba.com\/wp-content\/uploads\/2023\/04\/PXL_20221105_161708063-3-scaled.jpg?fit=2560%2C1299&amp;ssl=1\" class=\"sow-slider-foreground-image\" alt=\"\" style=\"\" srcset=\"https:\/\/i0.wp.com\/aceitesdelalba.com\/wp-content\/uploads\/2023\/04\/PXL_20221105_161708063-3-scaled.jpg?w=2560&amp;ssl=1 2560w, https:\/\/i0.wp.com\/aceitesdelalba.com\/wp-content\/uploads\/2023\/04\/PXL_20221105_161708063-3-scaled.jpg?resize=300%2C152&amp;ssl=1 300w, https:\/\/i0.wp.com\/aceitesdelalba.com\/wp-content\/uploads\/2023\/04\/PXL_20221105_161708063-3-scaled.jpg?resize=1024%2C519&amp;ssl=1 1024w, https:\/\/i0.wp.com\/aceitesdelalba.com\/wp-content\/uploads\/2023\/04\/PXL_20221105_161708063-3-scaled.jpg?resize=768%2C390&amp;ssl=1 768w, https:\/\/i0.wp.com\/aceitesdelalba.com\/wp-content\/uploads\/2023\/04\/PXL_20221105_161708063-3-scaled.jpg?resize=1536%2C779&amp;ssl=1 1536w, https:\/\/i0.wp.com\/aceitesdelalba.com\/wp-content\/uploads\/2023\/04\/PXL_20221105_161708063-3-scaled.jpg?resize=2048%2C1039&amp;ssl=1 2048w, https:\/\/i0.wp.com\/aceitesdelalba.com\/wp-content\/uploads\/2023\/04\/PXL_20221105_161708063-3-scaled.jpg?resize=600%2C304&amp;ssl=1 600w\" sizes=\"auto, (max-width: 1000px) 100vw, 1000px\" data-attachment-id=\"2410\" data-permalink=\"https:\/\/aceitesdelalba.com\/pxl_20221105_161708063-4\/\" data-orig-file=\"https:\/\/i0.wp.com\/aceitesdelalba.com\/wp-content\/uploads\/2023\/04\/PXL_20221105_161708063-3-scaled.jpg?fit=2560%2C1299&amp;ssl=1\" data-orig-size=\"2560,1299\" data-comments-opened=\"0\" data-image-meta=\"{&quot;aperture&quot;:&quot;1.85&quot;,&quot;credit&quot;:&quot;&quot;,&quot;camera&quot;:&quot;Pixel 6&quot;,&quot;caption&quot;:&quot;&quot;,&quot;created_timestamp&quot;:&quot;1667647028&quot;,&quot;copyright&quot;:&quot;&quot;,&quot;focal_length&quot;:&quot;6.81&quot;,&quot;iso&quot;:&quot;43&quot;,&quot;shutter_speed&quot;:&quot;0.000406&quot;,&quot;title&quot;:&quot;&quot;,&quot;orientation&quot;:&quot;1&quot;}\" data-image-title=\"PXL_20221105_161708063\" data-image-description=\"\" data-image-caption=\"\" data-medium-file=\"https:\/\/i0.wp.com\/aceitesdelalba.com\/wp-content\/uploads\/2023\/04\/PXL_20221105_161708063-3-scaled.jpg?fit=300%2C152&amp;ssl=1\" data-large-file=\"https:\/\/i0.wp.com\/aceitesdelalba.com\/wp-content\/uploads\/2023\/04\/PXL_20221105_161708063-3-scaled.jpg?fit=1024%2C519&amp;ssl=1\" \/>\t\t\t\t\t<\/div>\n\t\t\t\t\t\t\t\t\t<\/div>\n\t\t\t<\/div>\n\t\t\t\t\t<\/li>\n\t\t\t\t<li class=\"sow-slider-image\" style=\"visibility: hidden;;background-color: #ffffff\" >\n\t\t\t\t\t\t<div class=\"sow-slider-image-container\">\n\t\t\t\t<div class=\"sow-slider-image-wrapper\" style=\"max-width: 2560px\">\n\t\t\t\t\t\t\t\t\t\t<div class=\"sow-slider-image-foreground-wrapper\">\n\t\t\t\t\t\t<img loading=\"lazy\" decoding=\"async\" width=\"2560\" height=\"1305\" src=\"https:\/\/i0.wp.com\/aceitesdelalba.com\/wp-content\/uploads\/2023\/05\/PXL_20230518_1729182922-scaled-e1684531022435.jpg?fit=2560%2C1305&amp;ssl=1\" class=\"sow-slider-foreground-image\" alt=\"\" style=\"\" srcset=\"https:\/\/i0.wp.com\/aceitesdelalba.com\/wp-content\/uploads\/2023\/05\/PXL_20230518_1729182922-scaled-e1684531022435.jpg?w=2560&amp;ssl=1 2560w, https:\/\/i0.wp.com\/aceitesdelalba.com\/wp-content\/uploads\/2023\/05\/PXL_20230518_1729182922-scaled-e1684531022435.jpg?resize=300%2C153&amp;ssl=1 300w, https:\/\/i0.wp.com\/aceitesdelalba.com\/wp-content\/uploads\/2023\/05\/PXL_20230518_1729182922-scaled-e1684531022435.jpg?resize=1024%2C522&amp;ssl=1 1024w, https:\/\/i0.wp.com\/aceitesdelalba.com\/wp-content\/uploads\/2023\/05\/PXL_20230518_1729182922-scaled-e1684531022435.jpg?resize=768%2C392&amp;ssl=1 768w, https:\/\/i0.wp.com\/aceitesdelalba.com\/wp-content\/uploads\/2023\/05\/PXL_20230518_1729182922-scaled-e1684531022435.jpg?resize=1536%2C783&amp;ssl=1 1536w, https:\/\/i0.wp.com\/aceitesdelalba.com\/wp-content\/uploads\/2023\/05\/PXL_20230518_1729182922-scaled-e1684531022435.jpg?resize=2048%2C1044&amp;ssl=1 2048w, https:\/\/i0.wp.com\/aceitesdelalba.com\/wp-content\/uploads\/2023\/05\/PXL_20230518_1729182922-scaled-e1684531022435.jpg?resize=600%2C306&amp;ssl=1 600w\" sizes=\"auto, (max-width: 1000px) 100vw, 1000px\" data-attachment-id=\"2555\" data-permalink=\"https:\/\/aceitesdelalba.com\/index.php\/galerie\/pxl_20230518_1729182922\/\" data-orig-file=\"https:\/\/i0.wp.com\/aceitesdelalba.com\/wp-content\/uploads\/2023\/05\/PXL_20230518_1729182922-scaled-e1684531022435.jpg?fit=2560%2C1305&amp;ssl=1\" data-orig-size=\"2560,1305\" data-comments-opened=\"0\" data-image-meta=\"{&quot;aperture&quot;:&quot;1.85&quot;,&quot;credit&quot;:&quot;&quot;,&quot;camera&quot;:&quot;Pixel 6&quot;,&quot;caption&quot;:&quot;&quot;,&quot;created_timestamp&quot;:&quot;1684412958&quot;,&quot;copyright&quot;:&quot;&quot;,&quot;focal_length&quot;:&quot;6.81&quot;,&quot;iso&quot;:&quot;45&quot;,&quot;shutter_speed&quot;:&quot;0.000353&quot;,&quot;title&quot;:&quot;&quot;,&quot;orientation&quot;:&quot;1&quot;}\" data-image-title=\"PXL_20230518_172918292~2\" data-image-description=\"\" data-image-caption=\"&lt;p&gt;Culture de g\u00e9ranium rosat  (Pelargonium graveolens cv.Bourbon) et de romarin (Salvia rosmarinus)&lt;\/p&gt;\n\" data-medium-file=\"https:\/\/i0.wp.com\/aceitesdelalba.com\/wp-content\/uploads\/2023\/05\/PXL_20230518_1729182922-scaled-e1684531022435.jpg?fit=300%2C153&amp;ssl=1\" data-large-file=\"https:\/\/i0.wp.com\/aceitesdelalba.com\/wp-content\/uploads\/2023\/05\/PXL_20230518_1729182922-scaled-e1684531022435.jpg?fit=1024%2C522&amp;ssl=1\" \/>\t\t\t\t\t<\/div>\n\t\t\t\t\t\t\t\t\t<\/div>\n\t\t\t<\/div>\n\t\t\t\t\t<\/li>\n\t\t\t\t<li class=\"sow-slider-image\" style=\"visibility: hidden;;background-color: #ffffff\" >\n\t\t\t\t\t\t<div class=\"sow-slider-image-container\">\n\t\t\t\t<div class=\"sow-slider-image-wrapper\" style=\"max-width: 2560px\">\n\t\t\t\t\t\t\t\t\t\t<div class=\"sow-slider-image-foreground-wrapper\">\n\t\t\t\t\t\t<img loading=\"lazy\" decoding=\"async\" width=\"2560\" height=\"1369\" src=\"https:\/\/i0.wp.com\/aceitesdelalba.com\/wp-content\/uploads\/2023\/05\/P1030712-1-scaled-e1684531135666.jpg?fit=2560%2C1369&amp;ssl=1\" class=\"sow-slider-foreground-image\" alt=\"\" style=\"\" srcset=\"https:\/\/i0.wp.com\/aceitesdelalba.com\/wp-content\/uploads\/2023\/05\/P1030712-1-scaled-e1684531135666.jpg?w=2560&amp;ssl=1 2560w, https:\/\/i0.wp.com\/aceitesdelalba.com\/wp-content\/uploads\/2023\/05\/P1030712-1-scaled-e1684531135666.jpg?resize=300%2C160&amp;ssl=1 300w, https:\/\/i0.wp.com\/aceitesdelalba.com\/wp-content\/uploads\/2023\/05\/P1030712-1-scaled-e1684531135666.jpg?resize=1024%2C548&amp;ssl=1 1024w, https:\/\/i0.wp.com\/aceitesdelalba.com\/wp-content\/uploads\/2023\/05\/P1030712-1-scaled-e1684531135666.jpg?resize=768%2C411&amp;ssl=1 768w, https:\/\/i0.wp.com\/aceitesdelalba.com\/wp-content\/uploads\/2023\/05\/P1030712-1-scaled-e1684531135666.jpg?resize=1536%2C821&amp;ssl=1 1536w, https:\/\/i0.wp.com\/aceitesdelalba.com\/wp-content\/uploads\/2023\/05\/P1030712-1-scaled-e1684531135666.jpg?resize=2048%2C1095&amp;ssl=1 2048w, https:\/\/i0.wp.com\/aceitesdelalba.com\/wp-content\/uploads\/2023\/05\/P1030712-1-scaled-e1684531135666.jpg?resize=600%2C321&amp;ssl=1 600w\" sizes=\"auto, (max-width: 1000px) 100vw, 1000px\" data-attachment-id=\"2585\" data-permalink=\"https:\/\/aceitesdelalba.com\/index.php\/qui-sommes-nous\/p1030712-2\/\" data-orig-file=\"https:\/\/i0.wp.com\/aceitesdelalba.com\/wp-content\/uploads\/2023\/05\/P1030712-1-scaled-e1684531135666.jpg?fit=2560%2C1369&amp;ssl=1\" data-orig-size=\"2560,1369\" data-comments-opened=\"0\" data-image-meta=\"{&quot;aperture&quot;:&quot;8&quot;,&quot;credit&quot;:&quot;&quot;,&quot;camera&quot;:&quot;DMC-FZ2000&quot;,&quot;caption&quot;:&quot;&quot;,&quot;created_timestamp&quot;:&quot;1666537953&quot;,&quot;copyright&quot;:&quot;&quot;,&quot;focal_length&quot;:&quot;74.5&quot;,&quot;iso&quot;:&quot;400&quot;,&quot;shutter_speed&quot;:&quot;0.002&quot;,&quot;title&quot;:&quot;&quot;,&quot;orientation&quot;:&quot;1&quot;}\" data-image-title=\"P1030712\" data-image-description=\"\" data-image-caption=\"\" data-medium-file=\"https:\/\/i0.wp.com\/aceitesdelalba.com\/wp-content\/uploads\/2023\/05\/P1030712-1-scaled-e1684531135666.jpg?fit=300%2C160&amp;ssl=1\" data-large-file=\"https:\/\/i0.wp.com\/aceitesdelalba.com\/wp-content\/uploads\/2023\/05\/P1030712-1-scaled-e1684531135666.jpg?fit=1024%2C548&amp;ssl=1\" \/>\t\t\t\t\t<\/div>\n\t\t\t\t\t\t\t\t\t<\/div>\n\t\t\t<\/div>\n\t\t\t\t\t<\/li>\n\t\t<\/ul>\t\t\t\t<ol class=\"sow-slider-pagination\">\n\t\t\t\t\t\t\t\t\t\t\t<li><a href=\"#\" data-goto=\"0\" aria-label=\"Display slide 1\"><\/a><\/li>\n\t\t\t\t\t\t\t\t\t\t\t<li><a href=\"#\" data-goto=\"1\" aria-label=\"Display slide 2\"><\/a><\/li>\n\t\t\t\t\t\t\t\t\t\t\t<li><a href=\"#\" data-goto=\"2\" aria-label=\"Display slide 3\"><\/a><\/li>\n\t\t\t\t\t\t\t\t\t<\/ol>\n\n\t\t\t\t<div class=\"sow-slide-nav sow-slide-nav-next\">\n\t\t\t\t\t<a href=\"#\" data-goto=\"next\" aria-label=\"Next slide\" data-action=\"next\">\n\t\t\t\t\t\t<em class=\"sow-sld-icon-thin-right\"><\/em>\n\t\t\t\t\t<\/a>\n\t\t\t\t<\/div>\n\n\t\t\t\t<div class=\"sow-slide-nav sow-slide-nav-prev\">\n\t\t\t\t\t<a href=\"#\" data-goto=\"previous\" aria-label=\"Previous slide\" data-action=\"prev\">\n\t\t\t\t\t\t<em class=\"sow-sld-icon-thin-left\"><\/em>\n\t\t\t\t\t<\/a>\n\t\t\t\t<\/div>\n\t\t\t\t<\/div><\/div><\/div><\/div><\/div><\/div><\/div>\n\n\n<h2 class=\"wp-block-heading\">Notre \u00e9quipe<\/h2>\n\n\n\n<p class=\"has-text-align-justify\">      Nous sommes deux jeunes ing\u00e9nieurs agronomes dipl\u00f4m\u00e9s de l&rsquo;Istom (Ecole d&rsquo;ing\u00e9nieur en agro-d\u00e9veloppement international) qui se sont lanc\u00e9s \u00e0 la sortie des \u00e9tudes dans le projet fou de cr\u00e9er leur entreprise dans les huiles essentielles et le d\u00e9veloppement rural en Colombie. <\/p>\n\n\n\n<p>      Cela fait maintenant quatre ans que nous avons cr\u00e9e Aceites del Alba et nous continuons \u00e0 cro\u00eetre avec la cr\u00e9ation d&rsquo;une usine de distillation au plus pr\u00e8s des agriculteurs du d\u00e9partement de l&rsquo;Antioquia et \u00e0 une trentaine de minutes de l&rsquo;a\u00e9roport international de Medell\u00edn. <\/p>\n\n\n<div id=\"pl-gb2375-6a097a258aa84\"  class=\"panel-layout\" ><div id=\"pg-gb2375-6a097a258aa84-0\"  class=\"panel-grid panel-no-style\" ><div id=\"pgc-gb2375-6a097a258aa84-0-0\"  class=\"panel-grid-cell\" ><div id=\"panel-gb2375-6a097a258aa84-0-0-0\" class=\"so-panel widget widget_sow-image panel-first-child panel-last-child\" data-index=\"0\" ><div\n\t\t\t\n\t\t\tclass=\"so-widget-sow-image so-widget-sow-image-default-113ccd71f3e6-2375\"\n\t\t\t\n\t\t>\n<div class=\"sow-image-container\">\n\t\t<img \n\tsrc=\"https:\/\/i0.wp.com\/aceitesdelalba.com\/wp-content\/uploads\/2023\/04\/Agathe-y-Xavier-6-e1682695025675.jpeg?fit=300%2C211&amp;ssl=1\" width=\"300\" height=\"211\" srcset=\"https:\/\/i0.wp.com\/aceitesdelalba.com\/wp-content\/uploads\/2023\/04\/Agathe-y-Xavier-6-e1682695025675.jpeg?w=926&amp;ssl=1 926w, https:\/\/i0.wp.com\/aceitesdelalba.com\/wp-content\/uploads\/2023\/04\/Agathe-y-Xavier-6-e1682695025675.jpeg?resize=300%2C211&amp;ssl=1 300w, https:\/\/i0.wp.com\/aceitesdelalba.com\/wp-content\/uploads\/2023\/04\/Agathe-y-Xavier-6-e1682695025675.jpeg?resize=768%2C539&amp;ssl=1 768w, https:\/\/i0.wp.com\/aceitesdelalba.com\/wp-content\/uploads\/2023\/04\/Agathe-y-Xavier-6-e1682695025675.jpeg?resize=600%2C421&amp;ssl=1 600w\" title=\"Agathe Dum\u00e9nil et Xavier Dubreuil\" alt=\"\" \t\tclass=\"so-widget-image\"\/>\n\t<\/div>\n\n<h3 class=\"widget-title\">Agathe Dum\u00e9nil et Xavier Dubreuil<\/h3><\/div><\/div><\/div><\/div><\/div>","protected":false},"excerpt":{"rendered":"<p>Cr\u00e9ateurs d&rsquo;essences, d&rsquo;unions et de d\u00e9veloppement\u2026 Nous valorisons les terroirs de Colombie et le travail des agriculteurs gr\u00e2ce aux huiles essentielles Nous proposons des huiles essentielles originales, 100% pures et naturelles et issues de l\u2019agriculture traditionnelle Nous cr\u00e9ons un lien unique entre les producteurs et les entreprises de mati\u00e8res premi\u00e8res aromatiques et parfumeurs Notre \u00e9quipe [&hellip;]<\/p>\n","protected":false},"author":3,"featured_media":0,"parent":0,"menu_order":0,"comment_status":"closed","ping_status":"closed","template":"","meta":{"site-container-style":"default","site-container-layout":"default","site-sidebar-layout":"default","site-transparent-header":"default","disable-article-header":"default","disable-site-header":"default","disable-site-footer":"default","disable-content-area-spacing":"default","jetpack_post_was_ever_published":false,"footnotes":""},"class_list":["post-2375","page","type-page","status-publish","hentry"],"jetpack_sharing_enabled":true,"jetpack_shortlink":"https:\/\/wp.me\/Pacflg-Cj","jetpack-related-posts":[{"id":1608,"url":"https:\/\/aceitesdelalba.com\/index.php\/vous-etes-une-entreprise\/","url_meta":{"origin":2375,"position":0},"title":"Vous \u00eates une entreprise","author":"Agathe Dum\u00e9nil","date":"27 ao\u00fbt 2018","format":false,"excerpt":"\u00a0Vous cherchez \u00e0 d\u00e9velopper votre march\u00e9 avec des nouvelles huiles essentielles authentiques de Colombie ? Vous cherchez un relais fiable \u00e0 l\u2019\u00e9tranger pour vous fournir des huiles essentielles qui correspondent exactement \u00e0 vos besoins en qualit\u00e9 et en quantit\u00e9 ? \u00a0 1 Faites nous savoir quelles huiles essentielles vous int\u00e9ressent\u2026","rel":"","context":"Article similaire","block_context":{"text":"Article similaire","link":""},"img":{"alt_text":"","src":"","width":0,"height":0},"classes":[]},{"id":1589,"url":"https:\/\/aceitesdelalba.com\/index.php\/lorigine-du-projet\/","url_meta":{"origin":2375,"position":1},"title":"Origine du projet","author":"admin8626","date":"27 ao\u00fbt 2018","format":false,"excerpt":"Les huiles essentielles : notre passion Imaginez-vous apr\u00e8s une longue marche \u00e0 travers les montagnes de vous retrouver devant un champ tout en couleurs qui regorge de plantes aromatiques qui sentent bon les mille parfums ? Auriez-vous envie de capturer et emporter avec vous l\u2019extrait m\u00eame de ces plantes pour\u2026","rel":"","context":"Article similaire","block_context":{"text":"Article similaire","link":""},"img":{"alt_text":"","src":"https:\/\/i0.wp.com\/aceitesdelalba.com\/wp-content\/uploads\/2018\/09\/bright-bulb-close-up-1108572-e1536269667466.jpg?fit=645%2C390&ssl=1&resize=350%2C200","width":350,"height":200,"srcset":"https:\/\/i0.wp.com\/aceitesdelalba.com\/wp-content\/uploads\/2018\/09\/bright-bulb-close-up-1108572-e1536269667466.jpg?fit=645%2C390&ssl=1&resize=350%2C200 1x, https:\/\/i0.wp.com\/aceitesdelalba.com\/wp-content\/uploads\/2018\/09\/bright-bulb-close-up-1108572-e1536269667466.jpg?fit=645%2C390&ssl=1&resize=525%2C300 1.5x"},"classes":[]},{"id":2468,"url":"https:\/\/aceitesdelalba.com\/index.php\/nos-activites\/","url_meta":{"origin":2375,"position":2},"title":"Nos activit\u00e9s","author":"Agathe Dum\u00e9nil","date":"9 mai 2023","format":false,"excerpt":"Nos Activit\u00e9s Des plantes aromatiques s\u00e9lectionn\u00e9es La qualit\u00e9 de notre huile essentielle commence par une s\u00e9lection fine de nos plantes aromatiques. Esp\u00e8ces end\u00e9miques ou import\u00e9es, chacune a \u00e9t\u00e9 sourc\u00e9e de mani\u00e8re \u00e0 correspondre aux crit\u00e8res du march\u00e9 international ou alors ayant des propri\u00e9t\u00e9s ou fragrances uniques que nous cherchons \u00e0\u2026","rel":"","context":"Article similaire","block_context":{"text":"Article similaire","link":""},"img":{"alt_text":"","src":"https:\/\/i0.wp.com\/aceitesdelalba.com\/wp-content\/uploads\/2023\/05\/WhatsApp-Image-2023-05-08-a-17.49.39-1.jpg?resize=350%2C200&ssl=1","width":350,"height":200,"srcset":"https:\/\/i0.wp.com\/aceitesdelalba.com\/wp-content\/uploads\/2023\/05\/WhatsApp-Image-2023-05-08-a-17.49.39-1.jpg?resize=350%2C200&ssl=1 1x, https:\/\/i0.wp.com\/aceitesdelalba.com\/wp-content\/uploads\/2023\/05\/WhatsApp-Image-2023-05-08-a-17.49.39-1.jpg?resize=525%2C300&ssl=1 1.5x, https:\/\/i0.wp.com\/aceitesdelalba.com\/wp-content\/uploads\/2023\/05\/WhatsApp-Image-2023-05-08-a-17.49.39-1.jpg?resize=700%2C400&ssl=1 2x, https:\/\/i0.wp.com\/aceitesdelalba.com\/wp-content\/uploads\/2023\/05\/WhatsApp-Image-2023-05-08-a-17.49.39-1.jpg?resize=1050%2C600&ssl=1 3x, https:\/\/i0.wp.com\/aceitesdelalba.com\/wp-content\/uploads\/2023\/05\/WhatsApp-Image-2023-05-08-a-17.49.39-1.jpg?resize=1400%2C800&ssl=1 4x"},"classes":[]},{"id":1342,"url":"https:\/\/aceitesdelalba.com\/index.php\/actualite\/","url_meta":{"origin":2375,"position":3},"title":"Actualit\u00e9s","author":"admin8626","date":"12 f\u00e9vrier 2016","format":false,"excerpt":"Actualit\u00e9s L'Essentiel n\u00b06 Janvier 2020 Acc\u00e9der \u00e0 l'Article L'Essentiel n\u00b05 Mai 2019 Acc\u00e9der \u00e0 l'Article L'Essentiel n\u00b04 Janvier 2019 Acc\u00e9der \u00e0 l'Article L'Essentiel n\u00b03 Ao\u00fbt 2018 Acc\u00e9der \u00e0 l'Article L'Essentiel n\u00b02 Juillet 2018 Acc\u00e9der \u00e0 l'Article L'Essentiel n\u00b01 Juin 2018 Acc\u00e9der \u00e0 l'Article","rel":"","context":"Article similaire","block_context":{"text":"Article similaire","link":""},"img":{"alt_text":"","src":"https:\/\/i0.wp.com\/aceitesdelalba.com\/wp-content\/uploads\/2023\/05\/IMG_20180531_120441-scaled.jpg?fit=1200%2C900&ssl=1&resize=350%2C200","width":350,"height":200,"srcset":"https:\/\/i0.wp.com\/aceitesdelalba.com\/wp-content\/uploads\/2023\/05\/IMG_20180531_120441-scaled.jpg?fit=1200%2C900&ssl=1&resize=350%2C200 1x, https:\/\/i0.wp.com\/aceitesdelalba.com\/wp-content\/uploads\/2023\/05\/IMG_20180531_120441-scaled.jpg?fit=1200%2C900&ssl=1&resize=525%2C300 1.5x, https:\/\/i0.wp.com\/aceitesdelalba.com\/wp-content\/uploads\/2023\/05\/IMG_20180531_120441-scaled.jpg?fit=1200%2C900&ssl=1&resize=700%2C400 2x, https:\/\/i0.wp.com\/aceitesdelalba.com\/wp-content\/uploads\/2023\/05\/IMG_20180531_120441-scaled.jpg?fit=1200%2C900&ssl=1&resize=1050%2C600 3x"},"classes":[]}],"_links":{"self":[{"href":"https:\/\/aceitesdelalba.com\/index.php\/wp-json\/wp\/v2\/pages\/2375","targetHints":{"allow":["GET"]}}],"collection":[{"href":"https:\/\/aceitesdelalba.com\/index.php\/wp-json\/wp\/v2\/pages"}],"about":[{"href":"https:\/\/aceitesdelalba.com\/index.php\/wp-json\/wp\/v2\/types\/page"}],"author":[{"embeddable":true,"href":"https:\/\/aceitesdelalba.com\/index.php\/wp-json\/wp\/v2\/users\/3"}],"replies":[{"embeddable":true,"href":"https:\/\/aceitesdelalba.com\/index.php\/wp-json\/wp\/v2\/comments?post=2375"}],"version-history":[{"count":24,"href":"https:\/\/aceitesdelalba.com\/index.php\/wp-json\/wp\/v2\/pages\/2375\/revisions"}],"predecessor-version":[{"id":2588,"href":"https:\/\/aceitesdelalba.com\/index.php\/wp-json\/wp\/v2\/pages\/2375\/revisions\/2588"}],"wp:attachment":[{"href":"https:\/\/aceitesdelalba.com\/index.php\/wp-json\/wp\/v2\/media?parent=2375"}],"curies":[{"name":"wp","href":"https:\/\/api.w.org\/{rel}","templated":true}]}}