{"id":2433,"date":"2023-04-28T11:31:33","date_gmt":"2023-04-28T16:31:33","guid":{"rendered":"http:\/\/aceitesdelalba.com\/?page_id=2433"},"modified":"2023-05-19T16:39:33","modified_gmt":"2023-05-19T21:39:33","slug":"presentacion","status":"publish","type":"page","link":"https:\/\/aceitesdelalba.com\/index.php\/es\/presentacion\/","title":{"rendered":"Presentaci\u00f3n"},"content":{"rendered":"\n<h2 class=\"wp-block-heading has-text-align-center\">Creadores de fragancias, de uniones y de desarrollo<\/h2>\n\n\n\n<p class=\"has-text-align-center\">Valorizamos las tierras de Colombia y el trabajo de los agricultores gracias a los aceites esenciales<\/p>\n\n\n\n<p class=\"has-text-align-center\">Propongamos aceites esenciales 100% puros y naturales con plantas cultivadas de manera tradicional<\/p>\n\n\n\n<p class=\"has-text-align-center\">Creamos una conexi\u00f3n \u00fanica entre los campesinos y las empresas internacionales de aromas y fragancias<\/p>\n\n\n<div id=\"pl-gb2433-69e4d19a2b936\"  class=\"panel-layout\" ><div id=\"pg-gb2433-69e4d19a2b936-0\"  class=\"panel-grid panel-no-style\" ><div id=\"pgc-gb2433-69e4d19a2b936-0-0\"  class=\"panel-grid-cell\" ><div id=\"panel-gb2433-69e4d19a2b936-0-0-0\" class=\"so-panel widget widget_sow-slider panel-first-child panel-last-child\" data-index=\"0\" ><div\n\t\t\t\n\t\t\tclass=\"so-widget-sow-slider so-widget-sow-slider-default-6d39609536fd-2433\"\n\t\t\t\n\t\t>\t\t\t\t<div class=\"sow-slider-base\" style=\"display: none\" tabindex=\"0\">\n\t\t\t\t\t<ul\n\t\t\t\t\tclass=\"sow-slider-images\"\n\t\t\t\t\tdata-settings=\"{&quot;pagination&quot;:true,&quot;speed&quot;:800,&quot;timeout&quot;:4000,&quot;paused&quot;:false,&quot;pause_on_hover&quot;:false,&quot;swipe&quot;:true,&quot;nav_always_show_desktop&quot;:&quot;&quot;,&quot;nav_always_show_mobile&quot;:&quot;&quot;,&quot;breakpoint&quot;:&quot;780px&quot;,&quot;unmute&quot;:false,&quot;anchor&quot;:null}\"\n\t\t\t\t\t\t\t\t\t\tdata-anchor-id=\"\"\n\t\t\t\t>\t\t<li class=\"sow-slider-image\" style=\"visibility: visible;;background-color: #ffffff\" >\n\t\t\t\t\t\t<div class=\"sow-slider-image-container\">\n\t\t\t\t<div class=\"sow-slider-image-wrapper\" style=\"max-width: 2560px\">\n\t\t\t\t\t\t\t\t\t\t<div class=\"sow-slider-image-foreground-wrapper\">\n\t\t\t\t\t\t<img loading=\"lazy\" decoding=\"async\" width=\"2560\" height=\"1299\" src=\"https:\/\/i0.wp.com\/aceitesdelalba.com\/wp-content\/uploads\/2023\/04\/PXL_20221105_161708063-4-scaled.jpg?fit=2560%2C1299&amp;ssl=1\" class=\"sow-slider-foreground-image\" alt=\"\" style=\"\" srcset=\"https:\/\/i0.wp.com\/aceitesdelalba.com\/wp-content\/uploads\/2023\/04\/PXL_20221105_161708063-4-scaled.jpg?w=2560&amp;ssl=1 2560w, https:\/\/i0.wp.com\/aceitesdelalba.com\/wp-content\/uploads\/2023\/04\/PXL_20221105_161708063-4-scaled.jpg?resize=300%2C152&amp;ssl=1 300w, https:\/\/i0.wp.com\/aceitesdelalba.com\/wp-content\/uploads\/2023\/04\/PXL_20221105_161708063-4-scaled.jpg?resize=1024%2C519&amp;ssl=1 1024w, https:\/\/i0.wp.com\/aceitesdelalba.com\/wp-content\/uploads\/2023\/04\/PXL_20221105_161708063-4-scaled.jpg?resize=768%2C390&amp;ssl=1 768w, https:\/\/i0.wp.com\/aceitesdelalba.com\/wp-content\/uploads\/2023\/04\/PXL_20221105_161708063-4-scaled.jpg?resize=1536%2C779&amp;ssl=1 1536w, https:\/\/i0.wp.com\/aceitesdelalba.com\/wp-content\/uploads\/2023\/04\/PXL_20221105_161708063-4-scaled.jpg?resize=2048%2C1039&amp;ssl=1 2048w, https:\/\/i0.wp.com\/aceitesdelalba.com\/wp-content\/uploads\/2023\/04\/PXL_20221105_161708063-4-scaled.jpg?resize=600%2C304&amp;ssl=1 600w, https:\/\/i0.wp.com\/aceitesdelalba.com\/wp-content\/uploads\/2023\/04\/PXL_20221105_161708063-4-scaled.jpg?resize=118%2C60&amp;ssl=1 118w, https:\/\/i0.wp.com\/aceitesdelalba.com\/wp-content\/uploads\/2023\/04\/PXL_20221105_161708063-4-scaled.jpg?resize=177%2C90&amp;ssl=1 177w\" sizes=\"auto, (max-width: 1000px) 100vw, 1000px\" data-attachment-id=\"2440\" data-permalink=\"https:\/\/aceitesdelalba.com\/index.php\/es\/presentacion\/pxl_20221105_161708063-4-2\/\" data-orig-file=\"https:\/\/i0.wp.com\/aceitesdelalba.com\/wp-content\/uploads\/2023\/04\/PXL_20221105_161708063-4-scaled.jpg?fit=2560%2C1299&amp;ssl=1\" data-orig-size=\"2560,1299\" data-comments-opened=\"0\" data-image-meta=\"{&quot;aperture&quot;:&quot;1.85&quot;,&quot;credit&quot;:&quot;&quot;,&quot;camera&quot;:&quot;Pixel 6&quot;,&quot;caption&quot;:&quot;&quot;,&quot;created_timestamp&quot;:&quot;1667647028&quot;,&quot;copyright&quot;:&quot;&quot;,&quot;focal_length&quot;:&quot;6.81&quot;,&quot;iso&quot;:&quot;43&quot;,&quot;shutter_speed&quot;:&quot;0.000406&quot;,&quot;title&quot;:&quot;&quot;,&quot;orientation&quot;:&quot;1&quot;}\" data-image-title=\"PXL_20221105_161708063-4\" data-image-description=\"\" data-image-caption=\"\" data-medium-file=\"https:\/\/i0.wp.com\/aceitesdelalba.com\/wp-content\/uploads\/2023\/04\/PXL_20221105_161708063-4-scaled.jpg?fit=300%2C152&amp;ssl=1\" data-large-file=\"https:\/\/i0.wp.com\/aceitesdelalba.com\/wp-content\/uploads\/2023\/04\/PXL_20221105_161708063-4-scaled.jpg?fit=1024%2C519&amp;ssl=1\" \/>\t\t\t\t\t<\/div>\n\t\t\t\t\t\t\t\t\t<\/div>\n\t\t\t<\/div>\n\t\t\t\t\t<\/li>\n\t\t\t\t<li class=\"sow-slider-image\" style=\"visibility: hidden;;background-color: #ffffff\" >\n\t\t\t\t\t\t<div class=\"sow-slider-image-container\">\n\t\t\t\t<div class=\"sow-slider-image-wrapper\" style=\"max-width: 2560px\">\n\t\t\t\t\t\t\t\t\t\t<div class=\"sow-slider-image-foreground-wrapper\">\n\t\t\t\t\t\t<img loading=\"lazy\" decoding=\"async\" width=\"2560\" height=\"1292\" src=\"https:\/\/i0.wp.com\/aceitesdelalba.com\/wp-content\/uploads\/2023\/05\/PXL_20230518_1729182922-1-scaled-e1684532278692.jpg?fit=2560%2C1292&amp;ssl=1\" class=\"sow-slider-foreground-image\" alt=\"\" style=\"\" srcset=\"https:\/\/i0.wp.com\/aceitesdelalba.com\/wp-content\/uploads\/2023\/05\/PXL_20230518_1729182922-1-scaled-e1684532278692.jpg?w=2560&amp;ssl=1 2560w, https:\/\/i0.wp.com\/aceitesdelalba.com\/wp-content\/uploads\/2023\/05\/PXL_20230518_1729182922-1-scaled-e1684532278692.jpg?resize=300%2C151&amp;ssl=1 300w, https:\/\/i0.wp.com\/aceitesdelalba.com\/wp-content\/uploads\/2023\/05\/PXL_20230518_1729182922-1-scaled-e1684532278692.jpg?resize=1024%2C517&amp;ssl=1 1024w, https:\/\/i0.wp.com\/aceitesdelalba.com\/wp-content\/uploads\/2023\/05\/PXL_20230518_1729182922-1-scaled-e1684532278692.jpg?resize=768%2C388&amp;ssl=1 768w, https:\/\/i0.wp.com\/aceitesdelalba.com\/wp-content\/uploads\/2023\/05\/PXL_20230518_1729182922-1-scaled-e1684532278692.jpg?resize=1536%2C775&amp;ssl=1 1536w, https:\/\/i0.wp.com\/aceitesdelalba.com\/wp-content\/uploads\/2023\/05\/PXL_20230518_1729182922-1-scaled-e1684532278692.jpg?resize=2048%2C1034&amp;ssl=1 2048w, https:\/\/i0.wp.com\/aceitesdelalba.com\/wp-content\/uploads\/2023\/05\/PXL_20230518_1729182922-1-scaled-e1684532278692.jpg?resize=600%2C303&amp;ssl=1 600w\" sizes=\"auto, (max-width: 1000px) 100vw, 1000px\" data-attachment-id=\"2591\" data-permalink=\"https:\/\/aceitesdelalba.com\/index.php\/es\/presentacion\/pxl_20230518_1729182922-2\/\" data-orig-file=\"https:\/\/i0.wp.com\/aceitesdelalba.com\/wp-content\/uploads\/2023\/05\/PXL_20230518_1729182922-1-scaled-e1684532278692.jpg?fit=2560%2C1292&amp;ssl=1\" data-orig-size=\"2560,1292\" data-comments-opened=\"0\" data-image-meta=\"{&quot;aperture&quot;:&quot;1.85&quot;,&quot;credit&quot;:&quot;&quot;,&quot;camera&quot;:&quot;Pixel 6&quot;,&quot;caption&quot;:&quot;&quot;,&quot;created_timestamp&quot;:&quot;1684412958&quot;,&quot;copyright&quot;:&quot;&quot;,&quot;focal_length&quot;:&quot;6.81&quot;,&quot;iso&quot;:&quot;45&quot;,&quot;shutter_speed&quot;:&quot;0.000353&quot;,&quot;title&quot;:&quot;&quot;,&quot;orientation&quot;:&quot;1&quot;}\" data-image-title=\"PXL_20230518_172918292~2\" data-image-description=\"\" data-image-caption=\"\" data-medium-file=\"https:\/\/i0.wp.com\/aceitesdelalba.com\/wp-content\/uploads\/2023\/05\/PXL_20230518_1729182922-1-scaled-e1684532278692.jpg?fit=300%2C151&amp;ssl=1\" data-large-file=\"https:\/\/i0.wp.com\/aceitesdelalba.com\/wp-content\/uploads\/2023\/05\/PXL_20230518_1729182922-1-scaled-e1684532278692.jpg?fit=1024%2C517&amp;ssl=1\" \/>\t\t\t\t\t<\/div>\n\t\t\t\t\t\t\t\t\t<\/div>\n\t\t\t<\/div>\n\t\t\t\t\t<\/li>\n\t\t\t\t<li class=\"sow-slider-image\" style=\"visibility: hidden;;background-color: #ffffff\" >\n\t\t\t\t\t\t<div class=\"sow-slider-image-container\">\n\t\t\t\t<div class=\"sow-slider-image-wrapper\" style=\"max-width: 2560px\">\n\t\t\t\t\t\t\t\t\t\t<div class=\"sow-slider-image-foreground-wrapper\">\n\t\t\t\t\t\t<img loading=\"lazy\" decoding=\"async\" width=\"2560\" height=\"1285\" src=\"https:\/\/i0.wp.com\/aceitesdelalba.com\/wp-content\/uploads\/2023\/05\/P1030712-2-scaled-e1684532321522.jpg?fit=2560%2C1285&amp;ssl=1\" class=\"sow-slider-foreground-image\" alt=\"\" style=\"\" srcset=\"https:\/\/i0.wp.com\/aceitesdelalba.com\/wp-content\/uploads\/2023\/05\/P1030712-2-scaled-e1684532321522.jpg?w=2560&amp;ssl=1 2560w, https:\/\/i0.wp.com\/aceitesdelalba.com\/wp-content\/uploads\/2023\/05\/P1030712-2-scaled-e1684532321522.jpg?resize=300%2C151&amp;ssl=1 300w, https:\/\/i0.wp.com\/aceitesdelalba.com\/wp-content\/uploads\/2023\/05\/P1030712-2-scaled-e1684532321522.jpg?resize=1024%2C514&amp;ssl=1 1024w, https:\/\/i0.wp.com\/aceitesdelalba.com\/wp-content\/uploads\/2023\/05\/P1030712-2-scaled-e1684532321522.jpg?resize=768%2C386&amp;ssl=1 768w, https:\/\/i0.wp.com\/aceitesdelalba.com\/wp-content\/uploads\/2023\/05\/P1030712-2-scaled-e1684532321522.jpg?resize=1536%2C771&amp;ssl=1 1536w, https:\/\/i0.wp.com\/aceitesdelalba.com\/wp-content\/uploads\/2023\/05\/P1030712-2-scaled-e1684532321522.jpg?resize=2048%2C1028&amp;ssl=1 2048w, https:\/\/i0.wp.com\/aceitesdelalba.com\/wp-content\/uploads\/2023\/05\/P1030712-2-scaled-e1684532321522.jpg?resize=600%2C301&amp;ssl=1 600w\" sizes=\"auto, (max-width: 1000px) 100vw, 1000px\" data-attachment-id=\"2590\" data-permalink=\"https:\/\/aceitesdelalba.com\/index.php\/es\/presentacion\/p1030712-3\/\" data-orig-file=\"https:\/\/i0.wp.com\/aceitesdelalba.com\/wp-content\/uploads\/2023\/05\/P1030712-2-scaled-e1684532321522.jpg?fit=2560%2C1285&amp;ssl=1\" data-orig-size=\"2560,1285\" data-comments-opened=\"0\" data-image-meta=\"{&quot;aperture&quot;:&quot;8&quot;,&quot;credit&quot;:&quot;&quot;,&quot;camera&quot;:&quot;DMC-FZ2000&quot;,&quot;caption&quot;:&quot;&quot;,&quot;created_timestamp&quot;:&quot;1666537953&quot;,&quot;copyright&quot;:&quot;&quot;,&quot;focal_length&quot;:&quot;74.5&quot;,&quot;iso&quot;:&quot;400&quot;,&quot;shutter_speed&quot;:&quot;0.002&quot;,&quot;title&quot;:&quot;&quot;,&quot;orientation&quot;:&quot;1&quot;}\" data-image-title=\"P1030712\" data-image-description=\"\" data-image-caption=\"\" data-medium-file=\"https:\/\/i0.wp.com\/aceitesdelalba.com\/wp-content\/uploads\/2023\/05\/P1030712-2-scaled-e1684532321522.jpg?fit=300%2C151&amp;ssl=1\" data-large-file=\"https:\/\/i0.wp.com\/aceitesdelalba.com\/wp-content\/uploads\/2023\/05\/P1030712-2-scaled-e1684532321522.jpg?fit=1024%2C514&amp;ssl=1\" \/>\t\t\t\t\t<\/div>\n\t\t\t\t\t\t\t\t\t<\/div>\n\t\t\t<\/div>\n\t\t\t\t\t<\/li>\n\t\t<\/ul>\t\t\t\t<ol class=\"sow-slider-pagination\">\n\t\t\t\t\t\t\t\t\t\t\t<li><a href=\"#\" data-goto=\"0\" aria-label=\"Display slide 1\"><\/a><\/li>\n\t\t\t\t\t\t\t\t\t\t\t<li><a href=\"#\" data-goto=\"1\" aria-label=\"Display slide 2\"><\/a><\/li>\n\t\t\t\t\t\t\t\t\t\t\t<li><a href=\"#\" data-goto=\"2\" aria-label=\"Display slide 3\"><\/a><\/li>\n\t\t\t\t\t\t\t\t\t<\/ol>\n\n\t\t\t\t<div class=\"sow-slide-nav sow-slide-nav-next\">\n\t\t\t\t\t<a href=\"#\" data-goto=\"next\" aria-label=\"Next slide\" data-action=\"next\">\n\t\t\t\t\t\t<em class=\"sow-sld-icon-thin-right\"><\/em>\n\t\t\t\t\t<\/a>\n\t\t\t\t<\/div>\n\n\t\t\t\t<div class=\"sow-slide-nav sow-slide-nav-prev\">\n\t\t\t\t\t<a href=\"#\" data-goto=\"previous\" aria-label=\"Previous slide\" data-action=\"prev\">\n\t\t\t\t\t\t<em class=\"sow-sld-icon-thin-left\"><\/em>\n\t\t\t\t\t<\/a>\n\t\t\t\t<\/div>\n\t\t\t\t<\/div><\/div><\/div><\/div><\/div><\/div>\n\n\n<h2 class=\"wp-block-heading\">Nuestro equipo<\/h2>\n\n\n\n<p>      Somos dos j\u00f3venes ingenieros agr\u00f3nomos graduados de una universidad francesa Istom (escuela de ingenier\u00eda en agro desarrollo internacional) y hemos tomado la decisi\u00f3n loca de crear nuestra empresa de producci\u00f3n de aceites esenciales y de desarrollo rural en Colombia.<\/p>\n\n\n\n<p>      Hace ya cuatro a\u00f1os que hemos creado Aceites del Alba y continuamos nuestro crecimiento instalando una bodega de destilaci\u00f3n en el Oriente Antioque\u00f1o, mas cerca de los agricultores y a treinta minutos de aeropuerto internacional de Medell\u00edn.<\/p>\n\n\n<div class=\"wp-block-image\">\n<figure class=\"aligncenter is-resized\"><img data-recalc-dims=\"1\" loading=\"lazy\" decoding=\"async\" data-attachment-id=\"2441\" data-permalink=\"https:\/\/aceitesdelalba.com\/index.php\/es\/presentacion\/agathe-y-xavier-6-2\/\" data-orig-file=\"https:\/\/i0.wp.com\/aceitesdelalba.com\/wp-content\/uploads\/2023\/04\/Agathe-y-Xavier-6-e1682700002411.jpg?fit=926%2C588&amp;ssl=1\" data-orig-size=\"926,588\" data-comments-opened=\"0\" data-image-meta=\"{&quot;aperture&quot;:&quot;0&quot;,&quot;credit&quot;:&quot;&quot;,&quot;camera&quot;:&quot;&quot;,&quot;caption&quot;:&quot;&quot;,&quot;created_timestamp&quot;:&quot;0&quot;,&quot;copyright&quot;:&quot;&quot;,&quot;focal_length&quot;:&quot;0&quot;,&quot;iso&quot;:&quot;0&quot;,&quot;shutter_speed&quot;:&quot;0&quot;,&quot;title&quot;:&quot;&quot;,&quot;orientation&quot;:&quot;1&quot;}\" data-image-title=\"Agathe-y-Xavier-6\" data-image-description=\"\" data-image-caption=\"\" data-medium-file=\"https:\/\/i0.wp.com\/aceitesdelalba.com\/wp-content\/uploads\/2023\/04\/Agathe-y-Xavier-6-e1682700002411.jpg?fit=300%2C190&amp;ssl=1\" data-large-file=\"https:\/\/i0.wp.com\/aceitesdelalba.com\/wp-content\/uploads\/2023\/04\/Agathe-y-Xavier-6-e1682700002411.jpg?fit=935%2C1024&amp;ssl=1\" src=\"https:\/\/i0.wp.com\/aceitesdelalba.com\/wp-content\/uploads\/2023\/04\/Agathe-y-Xavier-6-e1682700002411.jpg?resize=376%2C239\" alt=\"\" class=\"wp-image-2441\" width=\"376\" height=\"239\" srcset=\"https:\/\/i0.wp.com\/aceitesdelalba.com\/wp-content\/uploads\/2023\/04\/Agathe-y-Xavier-6-e1682700002411.jpg?w=926&amp;ssl=1 926w, https:\/\/i0.wp.com\/aceitesdelalba.com\/wp-content\/uploads\/2023\/04\/Agathe-y-Xavier-6-e1682700002411.jpg?resize=300%2C190&amp;ssl=1 300w, https:\/\/i0.wp.com\/aceitesdelalba.com\/wp-content\/uploads\/2023\/04\/Agathe-y-Xavier-6-e1682700002411.jpg?resize=768%2C488&amp;ssl=1 768w, https:\/\/i0.wp.com\/aceitesdelalba.com\/wp-content\/uploads\/2023\/04\/Agathe-y-Xavier-6-e1682700002411.jpg?resize=600%2C381&amp;ssl=1 600w\" sizes=\"auto, (max-width: 376px) 100vw, 376px\" \/><figcaption class=\"wp-element-caption\">Agathe Dum\u00e9nil et Xavier Dubreuil<\/figcaption><\/figure>\n<\/div>","protected":false},"excerpt":{"rendered":"<p>Creadores de fragancias, de uniones y de desarrollo Valorizamos las tierras de Colombia y el trabajo de los agricultores gracias a los aceites esenciales Propongamos aceites esenciales 100% puros y naturales con plantas cultivadas de manera tradicional Creamos una conexi\u00f3n \u00fanica entre los campesinos y las empresas internacionales de aromas y fragancias Nuestro equipo Somos [&hellip;]<\/p>\n","protected":false},"author":3,"featured_media":0,"parent":0,"menu_order":0,"comment_status":"closed","ping_status":"closed","template":"","meta":{"site-container-style":"default","site-container-layout":"default","site-sidebar-layout":"default","site-transparent-header":"default","disable-article-header":"default","disable-site-header":"default","disable-site-footer":"default","disable-content-area-spacing":"default","jetpack_post_was_ever_published":false,"footnotes":""},"class_list":["post-2433","page","type-page","status-publish","hentry"],"jetpack_sharing_enabled":true,"jetpack_shortlink":"https:\/\/wp.me\/Pacflg-Df","jetpack-related-posts":[],"_links":{"self":[{"href":"https:\/\/aceitesdelalba.com\/index.php\/wp-json\/wp\/v2\/pages\/2433","targetHints":{"allow":["GET"]}}],"collection":[{"href":"https:\/\/aceitesdelalba.com\/index.php\/wp-json\/wp\/v2\/pages"}],"about":[{"href":"https:\/\/aceitesdelalba.com\/index.php\/wp-json\/wp\/v2\/types\/page"}],"author":[{"embeddable":true,"href":"https:\/\/aceitesdelalba.com\/index.php\/wp-json\/wp\/v2\/users\/3"}],"replies":[{"embeddable":true,"href":"https:\/\/aceitesdelalba.com\/index.php\/wp-json\/wp\/v2\/comments?post=2433"}],"version-history":[{"count":3,"href":"https:\/\/aceitesdelalba.com\/index.php\/wp-json\/wp\/v2\/pages\/2433\/revisions"}],"predecessor-version":[{"id":2592,"href":"https:\/\/aceitesdelalba.com\/index.php\/wp-json\/wp\/v2\/pages\/2433\/revisions\/2592"}],"wp:attachment":[{"href":"https:\/\/aceitesdelalba.com\/index.php\/wp-json\/wp\/v2\/media?parent=2433"}],"curies":[{"name":"wp","href":"https:\/\/api.w.org\/{rel}","templated":true}]}}