{"id":2468,"date":"2023-05-09T17:15:22","date_gmt":"2023-05-09T22:15:22","guid":{"rendered":"http:\/\/aceitesdelalba.com\/?page_id=2468"},"modified":"2023-05-10T15:14:06","modified_gmt":"2023-05-10T20:14:06","slug":"nos-activites","status":"publish","type":"page","link":"https:\/\/aceitesdelalba.com\/index.php\/nos-activites\/","title":{"rendered":"Nos activit\u00e9s"},"content":{"rendered":"\n<h1 class=\"wp-block-heading has-text-align-center\">Nos Activit\u00e9s<\/h1>\n\n\n\n<div class=\"wp-block-media-text alignwide has-media-on-the-right is-stacked-on-mobile\"><div class=\"wp-block-media-text__content\">\n<h2 class=\"wp-block-heading has-text-align-center\">Des plantes aromatiques s\u00e9lectionn\u00e9es<\/h2>\n\n\n\n<p class=\"has-text-align-center\">        La qualit\u00e9 de notre huile essentielle commence par une s\u00e9lection fine de nos plantes aromatiques. Esp\u00e8ces end\u00e9miques ou import\u00e9es, chacune a \u00e9t\u00e9 sourc\u00e9e de mani\u00e8re \u00e0 correspondre aux crit\u00e8res du march\u00e9 international ou alors ayant des propri\u00e9t\u00e9s ou fragrances uniques que nous cherchons \u00e0 valoriser. Pour cela, nous avons cr\u00e9\u00e9 une p\u00e9pini\u00e8re de ces plantes aromatiques s\u00e9lectionn\u00e9es afin de pouvoir fournir le bon mat\u00e9riel v\u00e9g\u00e9tal \u00e0 nos agriculteurs partenaires. Cette espace de culture sert aussi \u00e0 Aceites del Alba de laboratoire de recherche pour cultiver de nouvelles plantes et proposer de nouvelles fragrances.<\/p>\n<\/div><figure class=\"wp-block-media-text__media\"><img data-recalc-dims=\"1\" loading=\"lazy\" decoding=\"async\" width=\"1024\" height=\"768\" data-attachment-id=\"2469\" data-permalink=\"https:\/\/aceitesdelalba.com\/index.php\/nos-activites\/whatsapp-image-2023-05-08-a-17-49-39-1\/\" data-orig-file=\"https:\/\/i0.wp.com\/aceitesdelalba.com\/wp-content\/uploads\/2023\/05\/WhatsApp-Image-2023-05-08-a-17.49.39-1.jpg?fit=2016%2C1512&amp;ssl=1\" data-orig-size=\"2016,1512\" data-comments-opened=\"0\" data-image-meta=\"{&quot;aperture&quot;:&quot;0&quot;,&quot;credit&quot;:&quot;&quot;,&quot;camera&quot;:&quot;&quot;,&quot;caption&quot;:&quot;&quot;,&quot;created_timestamp&quot;:&quot;0&quot;,&quot;copyright&quot;:&quot;&quot;,&quot;focal_length&quot;:&quot;0&quot;,&quot;iso&quot;:&quot;0&quot;,&quot;shutter_speed&quot;:&quot;0&quot;,&quot;title&quot;:&quot;&quot;,&quot;orientation&quot;:&quot;0&quot;}\" data-image-title=\"WhatsApp-Image-2023-05-08-a-17.49.39-1\" data-image-description=\"\" data-image-caption=\"\" data-medium-file=\"https:\/\/i0.wp.com\/aceitesdelalba.com\/wp-content\/uploads\/2023\/05\/WhatsApp-Image-2023-05-08-a-17.49.39-1.jpg?fit=300%2C225&amp;ssl=1\" data-large-file=\"https:\/\/i0.wp.com\/aceitesdelalba.com\/wp-content\/uploads\/2023\/05\/WhatsApp-Image-2023-05-08-a-17.49.39-1.jpg?fit=1024%2C768&amp;ssl=1\" src=\"https:\/\/i0.wp.com\/aceitesdelalba.com\/wp-content\/uploads\/2023\/05\/WhatsApp-Image-2023-05-08-a-17.49.39-1.jpg?resize=1024%2C768\" alt=\"\" class=\"wp-image-2469 size-full\" srcset=\"https:\/\/i0.wp.com\/aceitesdelalba.com\/wp-content\/uploads\/2023\/05\/WhatsApp-Image-2023-05-08-a-17.49.39-1.jpg?resize=1024%2C768&amp;ssl=1 1024w, https:\/\/i0.wp.com\/aceitesdelalba.com\/wp-content\/uploads\/2023\/05\/WhatsApp-Image-2023-05-08-a-17.49.39-1.jpg?resize=300%2C225&amp;ssl=1 300w, https:\/\/i0.wp.com\/aceitesdelalba.com\/wp-content\/uploads\/2023\/05\/WhatsApp-Image-2023-05-08-a-17.49.39-1.jpg?resize=768%2C576&amp;ssl=1 768w, https:\/\/i0.wp.com\/aceitesdelalba.com\/wp-content\/uploads\/2023\/05\/WhatsApp-Image-2023-05-08-a-17.49.39-1.jpg?resize=1536%2C1152&amp;ssl=1 1536w, https:\/\/i0.wp.com\/aceitesdelalba.com\/wp-content\/uploads\/2023\/05\/WhatsApp-Image-2023-05-08-a-17.49.39-1.jpg?resize=600%2C450&amp;ssl=1 600w, https:\/\/i0.wp.com\/aceitesdelalba.com\/wp-content\/uploads\/2023\/05\/WhatsApp-Image-2023-05-08-a-17.49.39-1.jpg?resize=80%2C60&amp;ssl=1 80w, https:\/\/i0.wp.com\/aceitesdelalba.com\/wp-content\/uploads\/2023\/05\/WhatsApp-Image-2023-05-08-a-17.49.39-1.jpg?resize=120%2C90&amp;ssl=1 120w, https:\/\/i0.wp.com\/aceitesdelalba.com\/wp-content\/uploads\/2023\/05\/WhatsApp-Image-2023-05-08-a-17.49.39-1.jpg?w=2016&amp;ssl=1 2016w\" sizes=\"auto, (max-width: 1000px) 100vw, 1000px\" \/><\/figure><\/div>\n\n\n\n<hr class=\"wp-block-separator has-alpha-channel-opacity\"\/>\n\n\n\n<div class=\"wp-block-media-text alignwide is-stacked-on-mobile\"><figure class=\"wp-block-media-text__media\"><img data-recalc-dims=\"1\" loading=\"lazy\" decoding=\"async\" width=\"1024\" height=\"683\" data-attachment-id=\"2478\" data-permalink=\"https:\/\/aceitesdelalba.com\/index.php\/nos-activites\/p1030712\/\" data-orig-file=\"https:\/\/i0.wp.com\/aceitesdelalba.com\/wp-content\/uploads\/2023\/05\/P1030712-scaled.jpg?fit=2560%2C1707&amp;ssl=1\" data-orig-size=\"2560,1707\" data-comments-opened=\"0\" data-image-meta=\"{&quot;aperture&quot;:&quot;8&quot;,&quot;credit&quot;:&quot;&quot;,&quot;camera&quot;:&quot;DMC-FZ2000&quot;,&quot;caption&quot;:&quot;&quot;,&quot;created_timestamp&quot;:&quot;1666537953&quot;,&quot;copyright&quot;:&quot;&quot;,&quot;focal_length&quot;:&quot;74.5&quot;,&quot;iso&quot;:&quot;400&quot;,&quot;shutter_speed&quot;:&quot;0.002&quot;,&quot;title&quot;:&quot;&quot;,&quot;orientation&quot;:&quot;1&quot;}\" data-image-title=\"P1030712\" data-image-description=\"\" data-image-caption=\"\" data-medium-file=\"https:\/\/i0.wp.com\/aceitesdelalba.com\/wp-content\/uploads\/2023\/05\/P1030712-scaled.jpg?fit=300%2C200&amp;ssl=1\" data-large-file=\"https:\/\/i0.wp.com\/aceitesdelalba.com\/wp-content\/uploads\/2023\/05\/P1030712-scaled.jpg?fit=1024%2C683&amp;ssl=1\" src=\"https:\/\/i0.wp.com\/aceitesdelalba.com\/wp-content\/uploads\/2023\/05\/P1030712.jpg?resize=1024%2C683\" alt=\"\" class=\"wp-image-2478 size-full\" srcset=\"https:\/\/i0.wp.com\/aceitesdelalba.com\/wp-content\/uploads\/2023\/05\/P1030712-scaled.jpg?resize=1024%2C683&amp;ssl=1 1024w, https:\/\/i0.wp.com\/aceitesdelalba.com\/wp-content\/uploads\/2023\/05\/P1030712-scaled.jpg?resize=300%2C200&amp;ssl=1 300w, https:\/\/i0.wp.com\/aceitesdelalba.com\/wp-content\/uploads\/2023\/05\/P1030712-scaled.jpg?resize=768%2C512&amp;ssl=1 768w, https:\/\/i0.wp.com\/aceitesdelalba.com\/wp-content\/uploads\/2023\/05\/P1030712-scaled.jpg?resize=1536%2C1024&amp;ssl=1 1536w, https:\/\/i0.wp.com\/aceitesdelalba.com\/wp-content\/uploads\/2023\/05\/P1030712-scaled.jpg?resize=2048%2C1365&amp;ssl=1 2048w, https:\/\/i0.wp.com\/aceitesdelalba.com\/wp-content\/uploads\/2023\/05\/P1030712-scaled.jpg?resize=600%2C400&amp;ssl=1 600w, https:\/\/i0.wp.com\/aceitesdelalba.com\/wp-content\/uploads\/2023\/05\/P1030712-scaled.jpg?resize=272%2C182&amp;ssl=1 272w, https:\/\/i0.wp.com\/aceitesdelalba.com\/wp-content\/uploads\/2023\/05\/P1030712-scaled.jpg?resize=90%2C60&amp;ssl=1 90w, https:\/\/i0.wp.com\/aceitesdelalba.com\/wp-content\/uploads\/2023\/05\/P1030712-scaled.jpg?resize=135%2C90&amp;ssl=1 135w\" sizes=\"auto, (max-width: 1000px) 100vw, 1000px\" \/><\/figure><div class=\"wp-block-media-text__content\">\n<h2 class=\"wp-block-heading has-text-align-center\">Des relations uniques avec les agriculteurs<\/h2>\n\n\n\n<p class=\"has-text-align-center\">        En fonction des r\u00e9gions et des cultures, Aceites del Alba d\u00e9veloppe des relations \u00e9conomiques et sociales sp\u00e9cifiques aux besoins de chaque agriculteur. Nous nous engageons sur l\u2019achat de leurs r\u00e9coltes. Mais aussi, nous proposons de l\u2019appui technique, de l\u2019aide a la gestion des employ\u00e9s pour les r\u00e9coltes, de la r\u00e9alisation et interpr\u00e9tation d\u2019analyses de sols, de l\u2019achat group\u00e9 d\u2019engrais biologique ou bien encore des aides financi\u00e8res \u00e0 l\u2019achat de ces engrais. Cela permet \u00e0 notre entreprise de cr\u00e9er des liens stables et forts avec nos producteurs.<\/p>\n<\/div><\/div>\n\n\n\n<hr class=\"wp-block-separator has-alpha-channel-opacity\"\/>\n\n\n\n<div class=\"wp-block-media-text alignwide has-media-on-the-right is-stacked-on-mobile\"><div class=\"wp-block-media-text__content\">\n<h2 class=\"wp-block-heading has-text-align-center\">Un processus de distillation ma\u00eetris\u00e9<\/h2>\n\n\n\n<p class=\"has-text-align-center\">       Une fois le mat\u00e9riel v\u00e9g\u00e9tal r\u00e9colt\u00e9 chez les agriculteurs, Aceites del Alba r\u00e9alise l\u2019ensemble des distillations en suivant un cahier des charges pr\u00e9cis et avec un \u00e9quipement de pointe tout en acier inoxydable grade alimentaire. Cette ma\u00eetrise du processus de distillation nous permet d\u2019assurer la continuit\u00e9 de la qualit\u00e9 de nos huiles essentielles.<\/p>\n<\/div><figure class=\"wp-block-media-text__media\"><img data-recalc-dims=\"1\" loading=\"lazy\" decoding=\"async\" width=\"1024\" height=\"731\" data-attachment-id=\"2477\" data-permalink=\"https:\/\/aceitesdelalba.com\/index.php\/nos-activites\/20210520_1618292\/\" data-orig-file=\"https:\/\/i0.wp.com\/aceitesdelalba.com\/wp-content\/uploads\/2023\/05\/20210520_1618292-scaled-e1683732860118.jpg?fit=1792%2C1280&amp;ssl=1\" data-orig-size=\"1792,1280\" data-comments-opened=\"0\" data-image-meta=\"{&quot;aperture&quot;:&quot;0&quot;,&quot;credit&quot;:&quot;&quot;,&quot;camera&quot;:&quot;&quot;,&quot;caption&quot;:&quot;&quot;,&quot;created_timestamp&quot;:&quot;0&quot;,&quot;copyright&quot;:&quot;&quot;,&quot;focal_length&quot;:&quot;0&quot;,&quot;iso&quot;:&quot;0&quot;,&quot;shutter_speed&quot;:&quot;0&quot;,&quot;title&quot;:&quot;&quot;,&quot;orientation&quot;:&quot;0&quot;}\" data-image-title=\"20210520_1618292\" data-image-description=\"\" data-image-caption=\"&lt;p&gt;Remplissage de la cuve de distillation&lt;\/p&gt;\n\" data-medium-file=\"https:\/\/i0.wp.com\/aceitesdelalba.com\/wp-content\/uploads\/2023\/05\/20210520_1618292-scaled-e1683732860118.jpg?fit=300%2C214&amp;ssl=1\" data-large-file=\"https:\/\/i0.wp.com\/aceitesdelalba.com\/wp-content\/uploads\/2023\/05\/20210520_1618292-scaled-e1683732860118.jpg?fit=1024%2C731&amp;ssl=1\" src=\"https:\/\/i0.wp.com\/aceitesdelalba.com\/wp-content\/uploads\/2023\/05\/20210520_1618292-scaled-e1683732860118-1024x731.jpg?resize=1024%2C731\" alt=\"\" class=\"wp-image-2477 size-full\" srcset=\"https:\/\/i0.wp.com\/aceitesdelalba.com\/wp-content\/uploads\/2023\/05\/20210520_1618292-scaled-e1683732860118.jpg?resize=1024%2C731&amp;ssl=1 1024w, https:\/\/i0.wp.com\/aceitesdelalba.com\/wp-content\/uploads\/2023\/05\/20210520_1618292-scaled-e1683732860118.jpg?resize=300%2C214&amp;ssl=1 300w, https:\/\/i0.wp.com\/aceitesdelalba.com\/wp-content\/uploads\/2023\/05\/20210520_1618292-scaled-e1683732860118.jpg?resize=768%2C549&amp;ssl=1 768w, https:\/\/i0.wp.com\/aceitesdelalba.com\/wp-content\/uploads\/2023\/05\/20210520_1618292-scaled-e1683732860118.jpg?resize=1536%2C1097&amp;ssl=1 1536w, https:\/\/i0.wp.com\/aceitesdelalba.com\/wp-content\/uploads\/2023\/05\/20210520_1618292-scaled-e1683732860118.jpg?resize=600%2C429&amp;ssl=1 600w, https:\/\/i0.wp.com\/aceitesdelalba.com\/wp-content\/uploads\/2023\/05\/20210520_1618292-scaled-e1683732860118.jpg?w=1792&amp;ssl=1 1792w\" sizes=\"auto, (max-width: 1000px) 100vw, 1000px\" \/><\/figure><\/div>\n\n\n\n<hr class=\"wp-block-separator has-alpha-channel-opacity\"\/>\n\n\n\n<div class=\"wp-block-media-text alignwide is-stacked-on-mobile\"><figure class=\"wp-block-media-text__media\"><img data-recalc-dims=\"1\" loading=\"lazy\" decoding=\"async\" width=\"1024\" height=\"683\" data-attachment-id=\"2481\" data-permalink=\"https:\/\/aceitesdelalba.com\/index.php\/nos-activites\/p1030887\/\" data-orig-file=\"https:\/\/i0.wp.com\/aceitesdelalba.com\/wp-content\/uploads\/2023\/05\/P1030887-scaled.jpg?fit=2560%2C1707&amp;ssl=1\" data-orig-size=\"2560,1707\" data-comments-opened=\"0\" data-image-meta=\"{&quot;aperture&quot;:&quot;6.3&quot;,&quot;credit&quot;:&quot;&quot;,&quot;camera&quot;:&quot;DMC-FZ2000&quot;,&quot;caption&quot;:&quot;&quot;,&quot;created_timestamp&quot;:&quot;1680895390&quot;,&quot;copyright&quot;:&quot;&quot;,&quot;focal_length&quot;:&quot;13.2&quot;,&quot;iso&quot;:&quot;200&quot;,&quot;shutter_speed&quot;:&quot;0.00625&quot;,&quot;title&quot;:&quot;&quot;,&quot;orientation&quot;:&quot;1&quot;}\" data-image-title=\"P1030887\" data-image-description=\"\" data-image-caption=\"\" data-medium-file=\"https:\/\/i0.wp.com\/aceitesdelalba.com\/wp-content\/uploads\/2023\/05\/P1030887-scaled.jpg?fit=300%2C200&amp;ssl=1\" data-large-file=\"https:\/\/i0.wp.com\/aceitesdelalba.com\/wp-content\/uploads\/2023\/05\/P1030887-scaled.jpg?fit=1024%2C683&amp;ssl=1\" src=\"https:\/\/i0.wp.com\/aceitesdelalba.com\/wp-content\/uploads\/2023\/05\/P1030887.jpg?resize=1024%2C683\" alt=\"\" class=\"wp-image-2481 size-full\" srcset=\"https:\/\/i0.wp.com\/aceitesdelalba.com\/wp-content\/uploads\/2023\/05\/P1030887-scaled.jpg?resize=1024%2C683&amp;ssl=1 1024w, https:\/\/i0.wp.com\/aceitesdelalba.com\/wp-content\/uploads\/2023\/05\/P1030887-scaled.jpg?resize=300%2C200&amp;ssl=1 300w, https:\/\/i0.wp.com\/aceitesdelalba.com\/wp-content\/uploads\/2023\/05\/P1030887-scaled.jpg?resize=768%2C512&amp;ssl=1 768w, https:\/\/i0.wp.com\/aceitesdelalba.com\/wp-content\/uploads\/2023\/05\/P1030887-scaled.jpg?resize=1536%2C1024&amp;ssl=1 1536w, https:\/\/i0.wp.com\/aceitesdelalba.com\/wp-content\/uploads\/2023\/05\/P1030887-scaled.jpg?resize=2048%2C1365&amp;ssl=1 2048w, https:\/\/i0.wp.com\/aceitesdelalba.com\/wp-content\/uploads\/2023\/05\/P1030887-scaled.jpg?resize=600%2C400&amp;ssl=1 600w, https:\/\/i0.wp.com\/aceitesdelalba.com\/wp-content\/uploads\/2023\/05\/P1030887-scaled.jpg?resize=272%2C182&amp;ssl=1 272w, https:\/\/i0.wp.com\/aceitesdelalba.com\/wp-content\/uploads\/2023\/05\/P1030887-scaled.jpg?resize=90%2C60&amp;ssl=1 90w, https:\/\/i0.wp.com\/aceitesdelalba.com\/wp-content\/uploads\/2023\/05\/P1030887-scaled.jpg?resize=135%2C90&amp;ssl=1 135w\" sizes=\"auto, (max-width: 1000px) 100vw, 1000px\" \/><\/figure><div class=\"wp-block-media-text__content\">\n<h2 class=\"wp-block-heading has-text-align-center\">Le d\u00e9veloppement de nouveaux produits pour la Colombie<\/h2>\n\n\n\n<p class=\"has-text-align-center\">Dans la continuit\u00e9 de la croissance d\u2019Aceites del Alba, il nous a sembl\u00e9 \u00e9vident que l\u2019\u00e9tape suivante soit la cr\u00e9ation de produits cosm\u00e9tiques artisanaux r\u00e9alis\u00e9s avec les huiles essentielles et eaux florales que nous produisons. Ce projet en cours de d\u00e9veloppement viendra compl\u00e9ter la vente \u00e0 l\u2019exportation de nos essences.<\/p>\n\n\n\n<div class=\"wp-block-buttons alignwide is-content-justification-center is-layout-flex wp-container-core-buttons-is-layout-16018d1d wp-block-buttons-is-layout-flex\">\n<div class=\"wp-block-button is-style-fill\"><a class=\"wp-block-button__link wp-element-button\" href=\"http:\/\/aceitesdelalba.com\/index.php\/shop\/\" target=\"_blank\" rel=\"noreferrer noopener\">Boutique<\/a><\/div>\n<\/div>\n<\/div><\/div>\n","protected":false},"excerpt":{"rendered":"<p>Nos Activit\u00e9s Des plantes aromatiques s\u00e9lectionn\u00e9es La qualit\u00e9 de notre huile essentielle commence par une s\u00e9lection fine de nos plantes aromatiques. Esp\u00e8ces end\u00e9miques ou import\u00e9es, chacune a \u00e9t\u00e9 sourc\u00e9e de mani\u00e8re \u00e0 correspondre aux crit\u00e8res du march\u00e9 international ou alors ayant des propri\u00e9t\u00e9s ou fragrances uniques que nous cherchons \u00e0 valoriser. Pour cela, nous avons [&hellip;]<\/p>\n","protected":false},"author":3,"featured_media":0,"parent":0,"menu_order":0,"comment_status":"closed","ping_status":"closed","template":"","meta":{"site-container-style":"default","site-container-layout":"default","site-sidebar-layout":"default","site-transparent-header":"default","disable-article-header":"default","disable-site-header":"default","disable-site-footer":"default","disable-content-area-spacing":"default","jetpack_post_was_ever_published":false,"footnotes":""},"class_list":["post-2468","page","type-page","status-publish","hentry"],"jetpack_sharing_enabled":true,"jetpack_shortlink":"https:\/\/wp.me\/Pacflg-DO","jetpack-related-posts":[{"id":1589,"url":"https:\/\/aceitesdelalba.com\/index.php\/lorigine-du-projet\/","url_meta":{"origin":2468,"position":0},"title":"Origine du projet","author":"admin8626","date":"27 ao\u00fbt 2018","format":false,"excerpt":"Les huiles essentielles : notre passion Imaginez-vous apr\u00e8s une longue marche \u00e0 travers les montagnes de vous retrouver devant un champ tout en couleurs qui regorge de plantes aromatiques qui sentent bon les mille parfums ? Auriez-vous envie de capturer et emporter avec vous l\u2019extrait m\u00eame de ces plantes pour\u2026","rel":"","context":"Article similaire","block_context":{"text":"Article similaire","link":""},"img":{"alt_text":"","src":"https:\/\/i0.wp.com\/aceitesdelalba.com\/wp-content\/uploads\/2018\/09\/bright-bulb-close-up-1108572-e1536269667466.jpg?fit=645%2C390&ssl=1&resize=350%2C200","width":350,"height":200,"srcset":"https:\/\/i0.wp.com\/aceitesdelalba.com\/wp-content\/uploads\/2018\/09\/bright-bulb-close-up-1108572-e1536269667466.jpg?fit=645%2C390&ssl=1&resize=350%2C200 1x, https:\/\/i0.wp.com\/aceitesdelalba.com\/wp-content\/uploads\/2018\/09\/bright-bulb-close-up-1108572-e1536269667466.jpg?fit=645%2C390&ssl=1&resize=525%2C300 1.5x"},"classes":[]},{"id":1925,"url":"https:\/\/aceitesdelalba.com\/index.php\/vous-etes-agriculteur\/","url_meta":{"origin":2468,"position":1},"title":"Vous \u00eates agriculteur","author":"admin8626","date":"6 septembre 2018","format":false,"excerpt":"\u00a0Vous avez un terrain disponible et vous cherchez \u00e0 mettre un place un projet innovant ? Vous cherchez \u00e0 accro\u00eetre vos revenus avec la culture de plantes aromatiques et m\u00e9dicinales \u00e0 valeur ajout\u00e9e globale plus importante que pour les cultures traditionnelles ? 1 2 3 Communiquez-nous les informations g\u00e9n\u00e9rales de\u2026","rel":"","context":"Article similaire","block_context":{"text":"Article similaire","link":""},"img":{"alt_text":"","src":"","width":0,"height":0},"classes":[]},{"id":2375,"url":"https:\/\/aceitesdelalba.com\/","url_meta":{"origin":2468,"position":2},"title":"Pr\u00e9sentation","author":"Agathe Dum\u00e9nil","date":"26 avril 2023","format":false,"excerpt":"Cr\u00e9ateurs d'essences, d'unions et de d\u00e9veloppement\u2026 Nous valorisons les terroirs de Colombie et le travail des agriculteurs gr\u00e2ce aux huiles essentielles Nous proposons des huiles essentielles originales, 100% pures et naturelles et issues de l\u2019agriculture traditionnelle Nous cr\u00e9ons un lien unique entre les producteurs et les entreprises de mati\u00e8res premi\u00e8res\u2026","rel":"","context":"Article similaire","block_context":{"text":"Article similaire","link":""},"img":{"alt_text":"","src":"https:\/\/i0.wp.com\/aceitesdelalba.com\/wp-content\/uploads\/2023\/04\/PXL_20221105_161708063-3-scaled.jpg?resize=350%2C200","width":350,"height":200,"srcset":"https:\/\/i0.wp.com\/aceitesdelalba.com\/wp-content\/uploads\/2023\/04\/PXL_20221105_161708063-3-scaled.jpg?resize=350%2C200 1x, https:\/\/i0.wp.com\/aceitesdelalba.com\/wp-content\/uploads\/2023\/04\/PXL_20221105_161708063-3-scaled.jpg?resize=525%2C300 1.5x, https:\/\/i0.wp.com\/aceitesdelalba.com\/wp-content\/uploads\/2023\/04\/PXL_20221105_161708063-3-scaled.jpg?resize=700%2C400 2x, https:\/\/i0.wp.com\/aceitesdelalba.com\/wp-content\/uploads\/2023\/04\/PXL_20221105_161708063-3-scaled.jpg?resize=1050%2C600 3x, https:\/\/i0.wp.com\/aceitesdelalba.com\/wp-content\/uploads\/2023\/04\/PXL_20221105_161708063-3-scaled.jpg?resize=1400%2C800 4x"},"classes":[]},{"id":1342,"url":"https:\/\/aceitesdelalba.com\/index.php\/actualite\/","url_meta":{"origin":2468,"position":3},"title":"Actualit\u00e9s","author":"admin8626","date":"12 f\u00e9vrier 2016","format":false,"excerpt":"Actualit\u00e9s L'Essentiel n\u00b06 Janvier 2020 Acc\u00e9der \u00e0 l'Article L'Essentiel n\u00b05 Mai 2019 Acc\u00e9der \u00e0 l'Article L'Essentiel n\u00b04 Janvier 2019 Acc\u00e9der \u00e0 l'Article L'Essentiel n\u00b03 Ao\u00fbt 2018 Acc\u00e9der \u00e0 l'Article L'Essentiel n\u00b02 Juillet 2018 Acc\u00e9der \u00e0 l'Article L'Essentiel n\u00b01 Juin 2018 Acc\u00e9der \u00e0 l'Article","rel":"","context":"Article similaire","block_context":{"text":"Article similaire","link":""},"img":{"alt_text":"","src":"https:\/\/i0.wp.com\/aceitesdelalba.com\/wp-content\/uploads\/2023\/05\/IMG_20180531_120441-scaled.jpg?fit=1200%2C900&ssl=1&resize=350%2C200","width":350,"height":200,"srcset":"https:\/\/i0.wp.com\/aceitesdelalba.com\/wp-content\/uploads\/2023\/05\/IMG_20180531_120441-scaled.jpg?fit=1200%2C900&ssl=1&resize=350%2C200 1x, https:\/\/i0.wp.com\/aceitesdelalba.com\/wp-content\/uploads\/2023\/05\/IMG_20180531_120441-scaled.jpg?fit=1200%2C900&ssl=1&resize=525%2C300 1.5x, https:\/\/i0.wp.com\/aceitesdelalba.com\/wp-content\/uploads\/2023\/05\/IMG_20180531_120441-scaled.jpg?fit=1200%2C900&ssl=1&resize=700%2C400 2x, https:\/\/i0.wp.com\/aceitesdelalba.com\/wp-content\/uploads\/2023\/05\/IMG_20180531_120441-scaled.jpg?fit=1200%2C900&ssl=1&resize=1050%2C600 3x"},"classes":[]},{"id":1608,"url":"https:\/\/aceitesdelalba.com\/index.php\/vous-etes-une-entreprise\/","url_meta":{"origin":2468,"position":4},"title":"Vous \u00eates une entreprise","author":"Agathe Dum\u00e9nil","date":"27 ao\u00fbt 2018","format":false,"excerpt":"\u00a0Vous cherchez \u00e0 d\u00e9velopper votre march\u00e9 avec des nouvelles huiles essentielles authentiques de Colombie ? Vous cherchez un relais fiable \u00e0 l\u2019\u00e9tranger pour vous fournir des huiles essentielles qui correspondent exactement \u00e0 vos besoins en qualit\u00e9 et en quantit\u00e9 ? \u00a0 1 Faites nous savoir quelles huiles essentielles vous int\u00e9ressent\u2026","rel":"","context":"Article similaire","block_context":{"text":"Article similaire","link":""},"img":{"alt_text":"","src":"","width":0,"height":0},"classes":[]},{"id":1914,"url":"https:\/\/aceitesdelalba.com\/index.php\/page-de-reussite\/","url_meta":{"origin":2468,"position":5},"title":"Page de r\u00e9ussite","author":"admin8626","date":"6 septembre 2018","format":false,"excerpt":"Merci pour votre int\u00e9r\u00eat! A bient\u00f4t.","rel":"","context":"Article similaire","block_context":{"text":"Article similaire","link":""},"img":{"alt_text":"","src":"","width":0,"height":0},"classes":[]}],"_links":{"self":[{"href":"https:\/\/aceitesdelalba.com\/index.php\/wp-json\/wp\/v2\/pages\/2468","targetHints":{"allow":["GET"]}}],"collection":[{"href":"https:\/\/aceitesdelalba.com\/index.php\/wp-json\/wp\/v2\/pages"}],"about":[{"href":"https:\/\/aceitesdelalba.com\/index.php\/wp-json\/wp\/v2\/types\/page"}],"author":[{"embeddable":true,"href":"https:\/\/aceitesdelalba.com\/index.php\/wp-json\/wp\/v2\/users\/3"}],"replies":[{"embeddable":true,"href":"https:\/\/aceitesdelalba.com\/index.php\/wp-json\/wp\/v2\/comments?post=2468"}],"version-history":[{"count":13,"href":"https:\/\/aceitesdelalba.com\/index.php\/wp-json\/wp\/v2\/pages\/2468\/revisions"}],"predecessor-version":[{"id":2496,"href":"https:\/\/aceitesdelalba.com\/index.php\/wp-json\/wp\/v2\/pages\/2468\/revisions\/2496"}],"wp:attachment":[{"href":"https:\/\/aceitesdelalba.com\/index.php\/wp-json\/wp\/v2\/media?parent=2468"}],"curies":[{"name":"wp","href":"https:\/\/api.w.org\/{rel}","templated":true}]}}