{"id":1381,"date":"2013-06-07T06:25:01","date_gmt":"2013-06-07T11:25:01","guid":{"rendered":"http:\/\/demo.woothemes.com\/woocommerce\/?post_type=product&#038;p=70"},"modified":"2026-02-27T16:51:08","modified_gmt":"2026-02-27T21:51:08","slug":"eucalyptus-globulus","status":"publish","type":"product","link":"https:\/\/aceitesdelalba.com\/index.php\/produit\/eucalyptus-globulus\/","title":{"rendered":"Eucalyptus globulus"},"content":{"rendered":"<p>Nombre bot\u00e1nico: Eucalyptus globulus<br \/>\nFamilia: Myrtacea<\/p>\n<p>Origen: Totor\u00f3, Colombia<br \/>\nDestilaci\u00f3n : arrastre con vapor<br \/>\n\u00d3rganos destilados : hojas y tallos<br \/>\nCalidad: 100 % natural y puro (sin mol\u00e9culas de s\u00edntesis)<br \/>\nComposici\u00f3n: 1,8 cin\u00e9ole, \u03b1-pin\u00e8ne<\/p>\n<p><strong>Usos:<\/strong><\/p>\n<p><strong><span style=\"margin-left: 40px;\">En difusi\u00f3n&#8230;&#8230;..para refrescar y purificar el aire del hogar o su lugar de trabajo<\/span><\/strong><br \/>\n<strong><span style=\"margin-left: 40px;\">En inhalaci\u00f3n&#8230;.para limpiar las v\u00edas nasales, combatir las alergias y los resfriados<\/span><\/strong><br \/>\n<strong><span style=\"margin-left: 40px;\">En masaje&#8230;&#8230;&#8230;.para aliviar la inflamaci\u00f3n muscular y la bronquitis<\/span><\/strong><br \/>\n<strong><span style=\"margin-left: 40px;\">En spa&#8230;&#8230;&#8230;&#8230;&#8230;.para relajaci\u00f3n del cuerpo en un ba\u00f1o de sal o en ba\u00f1o de vapor<\/span><\/strong><\/p>\n<p>Precauciones de uso:<br \/>\nNo utilizar en mujeres embarazadas y en lactancia, en personas al\u00e9rgicas a alguno de los componentes y en ni\u00f1os.<\/p>\n","protected":false},"excerpt":{"rendered":"<p>Muy refrescante y purificador, este aceite esencial es muy utilizado para tratar resfriados y gripes. Tambi\u00e9n es ideal para aromatizar el ba\u00f1o turco.<br \/>\nSus propiedades fundamentales son: anti-microbiano, expectorante y tonificante.<\/p>\n","protected":false},"featured_media":2044,"comment_status":"open","ping_status":"closed","template":"","meta":{"site-container-style":"default","site-container-layout":"default","site-sidebar-layout":"default","site-transparent-header":"default","disable-article-header":"default","disable-site-header":"default","disable-site-footer":"default","disable-content-area-spacing":"default","jetpack_post_was_ever_published":false,"jetpack_publicize_message":"","jetpack_publicize_feature_enabled":true,"jetpack_social_post_already_shared":true,"jetpack_social_options":{"image_generator_settings":{"template":"highway","default_image_id":0,"font":"","enabled":false},"version":2}},"product_brand":[],"product_cat":[48],"product_tag":[],"class_list":{"0":"post-1381","1":"product","2":"type-product","3":"status-publish","4":"has-post-thumbnail","6":"product_cat-huiles-essentielles","8":"first","9":"instock","10":"shipping-taxable","11":"purchasable","12":"product-type-variable","13":"has-default-attributes"},"jetpack_publicize_connections":[],"jetpack_sharing_enabled":true,"jetpack-related-posts":[],"_links":{"self":[{"href":"https:\/\/aceitesdelalba.com\/index.php\/wp-json\/wp\/v2\/product\/1381","targetHints":{"allow":["GET"]}}],"collection":[{"href":"https:\/\/aceitesdelalba.com\/index.php\/wp-json\/wp\/v2\/product"}],"about":[{"href":"https:\/\/aceitesdelalba.com\/index.php\/wp-json\/wp\/v2\/types\/product"}],"replies":[{"embeddable":true,"href":"https:\/\/aceitesdelalba.com\/index.php\/wp-json\/wp\/v2\/comments?post=1381"}],"wp:featuredmedia":[{"embeddable":true,"href":"https:\/\/aceitesdelalba.com\/index.php\/wp-json\/wp\/v2\/media\/2044"}],"wp:attachment":[{"href":"https:\/\/aceitesdelalba.com\/index.php\/wp-json\/wp\/v2\/media?parent=1381"}],"wp:term":[{"taxonomy":"product_brand","embeddable":true,"href":"https:\/\/aceitesdelalba.com\/index.php\/wp-json\/wp\/v2\/product_brand?post=1381"},{"taxonomy":"product_cat","embeddable":true,"href":"https:\/\/aceitesdelalba.com\/index.php\/wp-json\/wp\/v2\/product_cat?post=1381"},{"taxonomy":"product_tag","embeddable":true,"href":"https:\/\/aceitesdelalba.com\/index.php\/wp-json\/wp\/v2\/product_tag?post=1381"}],"curies":[{"name":"wp","href":"https:\/\/api.w.org\/{rel}","templated":true}]}}